{"id":9586,"date":"2022-04-25T16:10:39","date_gmt":"2022-04-25T13:10:39","guid":{"rendered":"https:\/\/www.thecodex.ro\/?page_id=9586"},"modified":"2022-04-25T17:02:24","modified_gmt":"2022-04-25T14:02:24","slug":"tears_and_sorrow","status":"publish","type":"page","link":"https:\/\/www.thecodex.ro\/en\/jocuri\/tears_and_sorrow\/","title":{"rendered":"Tea(r)s And Sorrow"},"content":{"rendered":"<div class=\"mk-page-section-wrapper\"  data-mk-full-width=\"true\"  data-mk-full-width-init=\"true\"  data-mk-stretch-content=\"true\">\n\t<div id=\"page-section-1\"   class=\"mk-page-section self-hosted   full_layout full-width-1 js-el js-master-row jupiter-donut-\"     data-intro-effect=\"false\">\n\n\t\t\t\n\t\t\t<div class=\"mk-page-section-inner\" >\n\t\t\t\t\n\n\n<div style=\"background-color:#000000;opacity:0.5;\"   class=\"mk-video-color-mask\"><\/div>\n\n\t\t\t\t\n\t\t\t\t\n\t\n\t<div class=\"background-layer-holder\">\n\t\t<div id=\"background-layer--1\"   data-mk-lazyload=\"false\"   class=\"background-layer mk-background-stretch none-blend-effect js-el\"      data-mk-img-set='{\"landscape\"  :{\"desktop\"  :\"https:\/\/www.thecodex.ro\/wp-content\/uploads\/2022\/04\/tears-and-sorrow.jpg\"  ,\"tablet\"  :\"https:\/\/www.thecodex.ro\/wp-content\/uploads\/2022\/04\/tears-and-sorrow-1024x576.jpg\"  ,\"mobile\"  :\"https:\/\/www.thecodex.ro\/wp-content\/uploads\/2022\/04\/tears-and-sorrow-736x414.jpg\"},\"responsive\":\"true\"}' >\n\t\t\t\t\t\t\t\t\t<div class=\"mk-color-layer\"><\/div>\n\t\t<\/div>\n\t<\/div>\n\n\t\t\t<\/div>\n\n\t\t\t\n        <div class=\"page-section-content vc_row-fluid mk-grid\" >\n            <div class=\"mk-padding-wrapper wpb_row\">\n<div class=\"vc_col-sm-12 wpb_column column_container  jupiter-donut- _ jupiter-donut-height-full\">\n\t\n<div id=\"padding-3\"   class=\"mk-padding-divider jupiter-donut-  jupiter-donut-clearfix\"><\/div>\n\n<h2 style=\"font-size: 32px;color: #ffffff;text-align: left;font-family:Open Sans;font-weight:700;font-style:normal\"   class=\"vc_custom_heading vc_custom_1650892283374\" >Tea(r)s And Sorrow<\/h2>\n<div id=\"padding-4\"   class=\"mk-padding-divider jupiter-donut-  jupiter-donut-clearfix\"><\/div>\n\n\n\n<div class=\"wpb_row vc_inner vc_row vc_row-fluid jupiter-donut-  add-padding-0 attched-true\">\n\t\t\t<div class=\"wpb_column vc_column_container vc_col-sm-8\"><div class=\"vc_column-inner\"><div class=\"wpb_wrapper\">\n<div id=\"padding-5\"   class=\"mk-padding-divider jupiter-donut-  jupiter-donut-clearfix\"><\/div>\n\n\t<div class=\"vc_custom_1650894824899\">\n\n<div id=\"text-block-6\"   class=\"mk-text-block  jupiter-donut- justified\">\n\n\t\n\t<p>\u201cTEA(r)S AND SORROW\u201d is an investigation game, specially designed for large groups who want to have the same experience in the exact same time (groups who do not wish to split into teams).<\/p>\n<p>For about 2 hours, you will take on the role of experienced investigators who must solve the mystery surrownding the death of magnate Rupert Graves. You will explore an entire mansion, analyze various pieces of evidence, gather information about the suspects and eventually find and convict the culprit.<\/p>\n<p>This experience is especially suitable for murder mystery fans and amateurs of challenges or plot twists. The game is not scary or horror, but the mood and overall feeling is that of a classic film noir.<\/p>\n<p>Bookings for this game can only be made via phone or email.<\/p>\n<p>If you wish to book this game for a party or special event, catering options can be made available.<\/p>\n<p>Minimum recommended age is 12.<\/p>\n\n\t<div class=\"clearboth\"><\/div>\n<\/div>\n\n\t<\/div>\n<\/div><\/div><\/div><div class=\"wpb_column vc_column_container vc_col-sm-4\"><div class=\"vc_column-inner\"><div class=\"wpb_wrapper\">\n<div class=\"mk-custom-box jupiter-donut- hover-effect-image\"   id=\"box-7\">\n\t<div class=\"box-holder\">\n<div class=\"vc_icon_element vc_icon_element-outer detail_icon no_bottom_margin vc_icon_element-align-left\"><div class=\"vc_icon_element-inner vc_icon_element-color-custom vc_icon_element-size-lg vc_icon_element-style- vc_icon_element-background-color-grey\"><span class=\"vc_icon_element-icon fas fa-graduation-cap\"   style=\"color:#00a3ef !important\"><\/span><\/div><\/div>\n\t<div class=\"wpb_raw_code wpb_content_element wpb_raw_html vc_custom_1595778975034 no_bottom_margin\">\n\t\t<div class=\"wpb_wrapper\">\n\t\t\t<span class=\"detail_title\">Difficulty<\/span>\n<br>\n<span class=\"detail_info\">8 \/ 10<\/span>\n\t\t<\/div>\n\t<\/div>\n\n\t\t<div class=\"jupiter-donut-clearfix\"><\/div>\n\t<\/div>\n<\/div>\n\n<div class=\"mk-custom-box jupiter-donut- hover-effect-image\"   id=\"box-8\">\n\t<div class=\"box-holder\">\n<div class=\"vc_icon_element vc_icon_element-outer detail_icon vc_icon_element-align-left\"><div class=\"vc_icon_element-inner vc_icon_element-color-custom vc_icon_element-size-lg vc_icon_element-style- vc_icon_element-background-color-grey\"><span class=\"vc_icon_element-icon fas fa-users\"   style=\"color:#00a3ef !important\"><\/span><\/div><\/div>\n\t<div class=\"wpb_raw_code wpb_content_element wpb_raw_html vc_custom_1650892961812 no_bottom_margin\">\n\t\t<div class=\"wpb_wrapper\">\n\t\t\t<span class=\"detail_title\">No. of players<\/span>\n<br>\n<span class=\"detail_info\">6 - 20 pers.<\/span>\n\t\t<\/div>\n\t<\/div>\n\n\t\t<div class=\"jupiter-donut-clearfix\"><\/div>\n\t<\/div>\n<\/div>\n\n<div class=\"mk-custom-box jupiter-donut- hover-effect-image\"   id=\"box-9\">\n\t<div class=\"box-holder\">\n<div class=\"vc_icon_element vc_icon_element-outer detail_icon vc_icon_element-align-left\"><div class=\"vc_icon_element-inner vc_icon_element-color-custom vc_icon_element-size-lg vc_icon_element-style- vc_icon_element-background-color-grey\"><span class=\"vc_icon_element-icon far fa-clock\"   style=\"color:#00a3ef !important\"><\/span><\/div><\/div>\n\t<div class=\"wpb_raw_code wpb_content_element wpb_raw_html vc_custom_1650892906859 no_bottom_margin\">\n\t\t<div class=\"wpb_wrapper\">\n\t\t\t<span class=\"detail_title\">Duration<\/span>\n<br>\n<span class=\"detail_info\">2 - 2.5 h<\/span>\n\t\t<\/div>\n\t<\/div>\n\n\t\t<div class=\"jupiter-donut-clearfix\"><\/div>\n\t<\/div>\n<\/div>\n\n<div class=\"mk-custom-box jupiter-donut- hover-effect-image\"   id=\"box-10\">\n\t<div class=\"box-holder\">\n<div class=\"vc_icon_element vc_icon_element-outer detail_icon vc_icon_element-align-left\"><div class=\"vc_icon_element-inner vc_icon_element-color-custom vc_icon_element-size-lg vc_icon_element-style- vc_icon_element-background-color-grey\"><span class=\"vc_icon_element-icon fas fa-globe\"   style=\"color:#00a3ef !important\"><\/span><\/div><\/div>\n\t<div class=\"wpb_raw_code wpb_content_element wpb_raw_html vc_custom_1650892927616 no_bottom_margin\">\n\t\t<div class=\"wpb_wrapper\">\n\t\t\t<span class=\"detail_title\">Language<\/span>\n<br>\n<span class=\"detail_info\">Rom\/Eng<\/span>\n\t\t<\/div>\n\t<\/div>\n\n\t\t<div class=\"jupiter-donut-clearfix\"><\/div>\n\t<\/div>\n<\/div>\n<\/div><\/div><\/div>\t<\/div>\n\n<div id=\"padding-11\"   class=\"mk-padding-divider jupiter-donut-  jupiter-donut-clearfix\"><\/div>\n\n<div class=\"vc_separator wpb_content_element vc_separator_align_center vc_sep_width_100 vc_sep_border_width_5 vc_sep_pos_align_center\" ><span class=\"vc_sep_holder vc_sep_holder_l\"><span  style=\"border-color:#00a3ef;\"   class=\"vc_sep_line\"><\/span><\/span><span class=\"vc_sep_holder vc_sep_holder_r\"><span  style=\"border-color:#00a3ef;\"   class=\"vc_sep_line\"><\/span><\/span>\n<\/div>\n\n<div class=\"wpb_row vc_inner vc_row vc_row-fluid jupiter-donut-   attched-false   vc_hidden-lg vc_hidden-xs vc_hidden-sm vc_hidden-md\">\n\t\t\t<div class=\"wpb_column vc_column_container vc_col-sm-12\"><div class=\"vc_column-inner\"><div class=\"wpb_wrapper\">\n<div id=\"padding-12\"   class=\"mk-padding-divider jupiter-donut-  jupiter-donut-clearfix\"><\/div>\n\n<div class=\"wpb_images_carousel wpb_content_element vc_clearfix\"><div class=\"wpb_wrapper\"><div id=\"vc_images-carousel-1-1778983553\"   data-ride=\"vc_carousel\"   data-wrap=\"true\"   style=\"width: 1024px;\"   data-interval=\"5000\"   data-auto-height=\"yes\"   data-mode=\"horizontal\"   data-partial=\"false\"   data-per-view=\"5\"   data-hide-on-end=\"false\"   class=\"vc_slide vc_images_carousel\"><div class=\"vc_carousel-inner\"><div class=\"vc_carousel-slideline\"><div class=\"vc_carousel-slideline-inner\"><div class=\"vc_item\"><div class=\"vc_inner\"><img width=\"1024\"   height=\"768\"   src=\"https:\/\/www.thecodex.ro\/wp-content\/uploads\/2020\/07\/b-1024x768.jpg\"   class=\"attachment-large\"   alt=\"\"   loading=\"lazy\"   title=\"b\"   srcset=\"https:\/\/www.thecodex.ro\/wp-content\/uploads\/2020\/07\/b-1024x768.jpg 1024w, https:\/\/www.thecodex.ro\/wp-content\/uploads\/2020\/07\/b-300x225.jpg 300w, https:\/\/www.thecodex.ro\/wp-content\/uploads\/2020\/07\/b-768x576.jpg 768w, https:\/\/www.thecodex.ro\/wp-content\/uploads\/2020\/07\/b-1536x1152.jpg 1536w, https:\/\/www.thecodex.ro\/wp-content\/uploads\/2020\/07\/b.jpg 1824w\"   sizes=\"(max-width: 1024px) 100vw, 1024px\" itemprop=\"image\" \/><\/div><\/div><div class=\"vc_item\"><div class=\"vc_inner\"><img width=\"1024\"   height=\"768\"   src=\"https:\/\/www.thecodex.ro\/wp-content\/uploads\/2020\/07\/a-1024x768.jpg\"   class=\"attachment-large\"   alt=\"\"   loading=\"lazy\"   title=\"a\"   srcset=\"https:\/\/www.thecodex.ro\/wp-content\/uploads\/2020\/07\/a-1024x768.jpg 1024w, https:\/\/www.thecodex.ro\/wp-content\/uploads\/2020\/07\/a-300x225.jpg 300w, https:\/\/www.thecodex.ro\/wp-content\/uploads\/2020\/07\/a-768x576.jpg 768w, https:\/\/www.thecodex.ro\/wp-content\/uploads\/2020\/07\/a-1536x1152.jpg 1536w, https:\/\/www.thecodex.ro\/wp-content\/uploads\/2020\/07\/a.jpg 1824w\"   sizes=\"(max-width: 1024px) 100vw, 1024px\"   itemprop=\"image\" \/><\/div><\/div><div class=\"vc_item\"><div class=\"vc_inner\"><img width=\"1024\"   height=\"713\"   src=\"https:\/\/www.thecodex.ro\/wp-content\/uploads\/2020\/07\/viz-pag-dedicata-1024x713.jpg\"   class=\"attachment-large\"   alt=\"\"   loading=\"lazy\"   title=\"viz-pag-dedicata\"   srcset=\"https:\/\/www.thecodex.ro\/wp-content\/uploads\/2020\/07\/viz-pag-dedicata-1024x713.jpg 1024w, https:\/\/www.thecodex.ro\/wp-content\/uploads\/2020\/07\/viz-pag-dedicata-300x209.jpg 300w, https:\/\/www.thecodex.ro\/wp-content\/uploads\/2020\/07\/viz-pag-dedicata-768x535.jpg 768w, https:\/\/www.thecodex.ro\/wp-content\/uploads\/2020\/07\/viz-pag-dedicata-1536x1070.jpg 1536w, https:\/\/www.thecodex.ro\/wp-content\/uploads\/2020\/07\/viz-pag-dedicata.jpg 1733w\"   sizes=\"(max-width: 1024px) 100vw, 1024px\"   itemprop=\"image\" \/><\/div><\/div><\/div><\/div><\/div><a class=\"vc_left vc_carousel-control\"   href=\"#vc_images-carousel-1-1778983553\"   data-slide=\"prev\"><span class=\"icon-prev\"><\/span><\/a><a class=\"vc_right vc_carousel-control\"   href=\"#vc_images-carousel-1-1778983553\"   data-slide=\"next\"><span class=\"icon-next\"><\/span><\/a><\/div><\/div><\/div><\/div><\/div><\/div>\t<\/div>\n<\/div>\n<\/div>\n            <div class=\"clearboth\"><\/div>\n        <\/div>\n\n\n\t\t\t\n\t\t\t\n\t\t\t\n\t\t<div class=\"clearboth\"><\/div>\n\t<\/div>\n<\/div>\n<div class=\"vc_row-full-width vc_clearfix\"><\/div>","protected":false},"excerpt":{"rendered":"Tea(r)s And Sorrow \u201cTEA(r)S AND SORROW\u201d este un joc de investiga\u021bie creat special pentru grupurile mari ce \u00ee\u0219i doresc s\u0103 aib\u0103 parte de aceea\u0219i experien\u021b\u0103 \u00een acela\u0219i timp (f\u0103r\u0103 s\u0103 fie nevoie s\u0103 se \u00eempart\u0103 \u00een echipe). Timp de 2 ore, ve\u021bi prelua rolul unor investigatori experimenta\u021bi ce trebuie s\u0103 elucideze misterul crimei din conacul [...]","protected":false},"author":1,"featured_media":0,"parent":464,"menu_order":0,"comment_status":"closed","ping_status":"closed","template":"","meta":[],"yoast_head":"<!-- This site is optimized with the Yoast SEO plugin v18.6 - https:\/\/yoast.com\/wordpress\/plugins\/seo\/ -->\n<title>Escape Rooms Bucuresti - Camere de Evadare<\/title>\n<meta name=\"description\"  content=\"Cele mai bune Escape Rooms din Bucuresti! Ia-ti prietenii si rezerva camera de evadare preferata! The Codex Escape Rooms Bucuresti.\" \/>\n<meta name=\"robots\"  content=\"index, follow, max-snippet:-1, max-image-preview:large, max-video-preview:-1\" \/>\n<link rel=\"canonical\"  href=\"https:\/\/www.thecodex.ro\/en\/jocuri\/tears_and_sorrow\/\" \/>\n<meta property=\"og:locale\"  content=\"en_GB\" \/>\n<meta property=\"og:type\"  content=\"article\" \/>\n<meta property=\"og:title\"  content=\"Escape Rooms Bucuresti - Camere de Evadare\" \/>\n<meta property=\"og:description\"  content=\"Cele mai bune Escape Rooms din Bucuresti! Ia-ti prietenii si rezerva camera de evadare preferata! The Codex Escape Rooms Bucuresti.\" \/>\n<meta property=\"og:url\"  content=\"https:\/\/www.thecodex.ro\/en\/jocuri\/tears_and_sorrow\/\" \/>\n<meta property=\"og:site_name\" content=\"The Codex\" \/>\n<meta property=\"article:publisher\"  content=\"https:\/\/www.facebook.com\/CodexMysteriumRomania\/\" \/>\n<meta property=\"article:modified_time\"  content=\"2022-04-25T14:02:24+00:00\" \/>\n<meta name=\"twitter:card\" content=\"summary\" \/>\n<meta name=\"twitter:label1\" content=\"Estimated reading time\" \/>\n\t<meta name=\"twitter:data1\" content=\"2 minutes\" \/>\n<script type=\"application\/ld+json\" class=\"yoast-schema-graph\">{\"@context\":\"https:\/\/schema.org\",\"@graph\":[{\"@type\":\"WebSite\",\"@id\":\"https:\/\/www.thecodex.ro\/#website\",\"url\":\"https:\/\/www.thecodex.ro\/\",\"name\":\"The Codex\",\"description\":\"Escape and Challenge Rooms\",\"potentialAction\":[{\"@type\":\"SearchAction\",\"target\":{\"@type\":\"EntryPoint\",\"urlTemplate\":\"https:\/\/www.thecodex.ro\/?s={search_term_string}\"},\"query-input\":\"required name=search_term_string\"}],\"inLanguage\":\"en-GB\"},{\"@type\":\"WebPage\",\"@id\":\"https:\/\/www.thecodex.ro\/jocuri\/tears_and_sorrow\/#webpage\",\"url\":\"https:\/\/www.thecodex.ro\/jocuri\/tears_and_sorrow\/\",\"name\":\"Escape Rooms Bucuresti - Camere de Evadare\",\"isPartOf\":{\"@id\":\"https:\/\/www.thecodex.ro\/#website\"},\"datePublished\":\"2022-04-25T13:10:39+00:00\",\"dateModified\":\"2022-04-25T14:02:24+00:00\",\"description\":\"Cele mai bune Escape Rooms din Bucuresti! Ia-ti prietenii si rezerva camera de evadare preferata! The Codex Escape Rooms Bucuresti.\",\"breadcrumb\":{\"@id\":\"https:\/\/www.thecodex.ro\/jocuri\/tears_and_sorrow\/#breadcrumb\"},\"inLanguage\":\"en-GB\",\"potentialAction\":[{\"@type\":\"ReadAction\",\"target\":[\"https:\/\/www.thecodex.ro\/jocuri\/tears_and_sorrow\/\"]}]},{\"@type\":\"BreadcrumbList\",\"@id\":\"https:\/\/www.thecodex.ro\/jocuri\/tears_and_sorrow\/#breadcrumb\",\"itemListElement\":[{\"@type\":\"ListItem\",\"position\":1,\"name\":\"Home\",\"item\":\"https:\/\/www.thecodex.ro\/\"},{\"@type\":\"ListItem\",\"position\":2,\"name\":\"Jocuri\",\"item\":\"https:\/\/www.thecodex.ro\/jocuri\/\"},{\"@type\":\"ListItem\",\"position\":3,\"name\":\"Tea(r)s And Sorrow\"}]}]}<\/script>\n<!-- \/ Yoast SEO plugin. -->","yoast_head_json":{"title":"Escape Rooms Bucuresti - Camere de Evadare","description":"Cele mai bune Escape Rooms din Bucuresti! Ia-ti prietenii si rezerva camera de evadare preferata! The Codex Escape Rooms Bucuresti.","robots":{"index":"index","follow":"follow","max-snippet":"max-snippet:-1","max-image-preview":"max-image-preview:large","max-video-preview":"max-video-preview:-1"},"canonical":"https:\/\/www.thecodex.ro\/en\/jocuri\/tears_and_sorrow\/","og_locale":"en_GB","og_type":"article","og_title":"Escape Rooms Bucuresti - Camere de Evadare","og_description":"Cele mai bune Escape Rooms din Bucuresti! Ia-ti prietenii si rezerva camera de evadare preferata! The Codex Escape Rooms Bucuresti.","og_url":"https:\/\/www.thecodex.ro\/en\/jocuri\/tears_and_sorrow\/","og_site_name":"The Codex","article_publisher":"https:\/\/www.facebook.com\/CodexMysteriumRomania\/","article_modified_time":"2022-04-25T14:02:24+00:00","twitter_card":"summary","twitter_misc":{"Estimated reading time":"2 minutes"},"schema":{"@context":"https:\/\/schema.org","@graph":[{"@type":"WebSite","@id":"https:\/\/www.thecodex.ro\/#website","url":"https:\/\/www.thecodex.ro\/","name":"The Codex","description":"Escape and Challenge Rooms","potentialAction":[{"@type":"SearchAction","target":{"@type":"EntryPoint","urlTemplate":"https:\/\/www.thecodex.ro\/?s={search_term_string}"},"query-input":"required name=search_term_string"}],"inLanguage":"en-GB"},{"@type":"WebPage","@id":"https:\/\/www.thecodex.ro\/jocuri\/tears_and_sorrow\/#webpage","url":"https:\/\/www.thecodex.ro\/jocuri\/tears_and_sorrow\/","name":"Escape Rooms Bucuresti - Camere de Evadare","isPartOf":{"@id":"https:\/\/www.thecodex.ro\/#website"},"datePublished":"2022-04-25T13:10:39+00:00","dateModified":"2022-04-25T14:02:24+00:00","description":"Cele mai bune Escape Rooms din Bucuresti! Ia-ti prietenii si rezerva camera de evadare preferata! The Codex Escape Rooms Bucuresti.","breadcrumb":{"@id":"https:\/\/www.thecodex.ro\/jocuri\/tears_and_sorrow\/#breadcrumb"},"inLanguage":"en-GB","potentialAction":[{"@type":"ReadAction","target":["https:\/\/www.thecodex.ro\/jocuri\/tears_and_sorrow\/"]}]},{"@type":"BreadcrumbList","@id":"https:\/\/www.thecodex.ro\/jocuri\/tears_and_sorrow\/#breadcrumb","itemListElement":[{"@type":"ListItem","position":1,"name":"Home","item":"https:\/\/www.thecodex.ro\/"},{"@type":"ListItem","position":2,"name":"Jocuri","item":"https:\/\/www.thecodex.ro\/jocuri\/"},{"@type":"ListItem","position":3,"name":"Tea(r)s And Sorrow"}]}]}},"_links":{"self":[{"href":"https:\/\/www.thecodex.ro\/en\/wp-json\/wp\/v2\/pages\/9586"}],"collection":[{"href":"https:\/\/www.thecodex.ro\/en\/wp-json\/wp\/v2\/pages"}],"about":[{"href":"https:\/\/www.thecodex.ro\/en\/wp-json\/wp\/v2\/types\/page"}],"author":[{"embeddable":true,"href":"https:\/\/www.thecodex.ro\/en\/wp-json\/wp\/v2\/users\/1"}],"replies":[{"embeddable":true,"href":"https:\/\/www.thecodex.ro\/en\/wp-json\/wp\/v2\/comments?post=9586"}],"version-history":[{"count":14,"href":"https:\/\/www.thecodex.ro\/en\/wp-json\/wp\/v2\/pages\/9586\/revisions"}],"predecessor-version":[{"id":9606,"href":"https:\/\/www.thecodex.ro\/en\/wp-json\/wp\/v2\/pages\/9586\/revisions\/9606"}],"up":[{"embeddable":true,"href":"https:\/\/www.thecodex.ro\/en\/wp-json\/wp\/v2\/pages\/464"}],"wp:attachment":[{"href":"https:\/\/www.thecodex.ro\/en\/wp-json\/wp\/v2\/media?parent=9586"}],"curies":[{"name":"wp","href":"https:\/\/api.w.org\/{rel}","templated":true}]}}