{"id":8210,"date":"2020-07-22T13:53:43","date_gmt":"2020-07-22T10:53:43","guid":{"rendered":"https:\/\/www.thecodex.ro\/?page_id=8210"},"modified":"2021-02-13T19:19:07","modified_gmt":"2021-02-13T17:19:07","slug":"a_hollywood_murder_mystery","status":"publish","type":"page","link":"https:\/\/www.thecodex.ro\/en\/jocuri\/a_hollywood_murder_mystery\/","title":{"rendered":"A Hollywood Murder Mystery"},"content":{"rendered":"[:ro]\n<div class=\"mk-page-section-wrapper\"   data-mk-full-width=\"true\"   data-mk-full-width-init=\"true\"   data-mk-stretch-content=\"true\">\n\t<div id=\"page-section-1\"   class=\"mk-page-section self-hosted   full_layout full-width-1 js-el js-master-row jupiter-donut-\"      data-intro-effect=\"false\">\n\n\t\t\t\n\t\t\t<div class=\"mk-page-section-inner\">\n\t\t\t\t\n\n\n<div style=\"background-color:#000000;opacity:0.5;\"  class=\"mk-video-color-mask\"><\/div>\n\n\t\t\t\t\n\t\t\t\t\n\t\n\t<div class=\"background-layer-holder\">\n\t\t<div id=\"background-layer--1\"   data-mk-lazyload=\"false\"   class=\"background-layer mk-background-stretch none-blend-effect js-el\"      data-mk-img-set='{\"landscape\"  :{\"desktop\"  :\"https:\/\/www.thecodex.ro\/wp-content\/uploads\/2020\/07\/hollywood-murder-mystery-escape-room-the-codex-details.jpg\"  ,\"tablet\"  :\"https:\/\/www.thecodex.ro\/wp-content\/uploads\/2020\/07\/hollywood-murder-mystery-escape-room-the-codex-details-1024x713.jpg\"  ,\"mobile\"  :\"https:\/\/www.thecodex.ro\/wp-content\/uploads\/2020\/07\/hollywood-murder-mystery-escape-room-the-codex-details-594x414.jpg\"},\"responsive\":\"true\"}' >\n\t\t\t\t\t\t\t\t\t<div class=\"mk-color-layer\"><\/div>\n\t\t<\/div>\n\t<\/div>\n\n\t\t\t<\/div>\n\n\t\t\t\n        <div class=\"page-section-content vc_row-fluid mk-grid\" >\n            <div class=\"mk-padding-wrapper wpb_row\">\n<div class=\"vc_col-sm-12 wpb_column column_container  jupiter-donut- _ jupiter-donut-height-full\">\n\t\n<div id=\"padding-3\"   class=\"mk-padding-divider jupiter-donut-  jupiter-donut-clearfix\"><\/div>\n\n<h2 style=\"font-size: 32px;color: #ffffff;text-align: left;font-family:Open Sans;font-weight:700;font-style:normal\"   class=\"vc_custom_heading vc_custom_1595415474693\" >A Hollywood Murder Mystery<\/h2>\n<div id=\"padding-4\"   class=\"mk-padding-divider jupiter-donut-  jupiter-donut-clearfix\"><\/div>\n\n\n\n<div class=\"wpb_row vc_inner vc_row vc_row-fluid jupiter-donut-  add-padding-0 attched-true\">\n\t\t\t<div class=\"wpb_column vc_column_container vc_col-sm-8\"><div class=\"vc_column-inner\"><div class=\"wpb_wrapper\">\n<div id=\"padding-5\"   class=\"mk-padding-divider jupiter-donut-  jupiter-donut-clearfix\"><\/div>\n\n\t<div class=\"vc_custom_1595417610125\">\n\n<div id=\"text-block-6\"   class=\"mk-text-block  jupiter-donut- justified\">\n\n\t\n\t<p>A Hollywood Murder Mystery este un joc special, care se desf\u0103\u0219oar\u0103 \u00eentr-un ambient neconven\u021bional: at\u00e2t indoor, \u00een camping-trailer-ul actri\u021bei care a disp\u0103rut f\u0103r\u0103 urm\u0103, precum \u0219i outdoor, pe platourile de filmare ale studiourilor MGM.<\/p>\n<p>Jocul combin\u0103 emo\u021bia \u0219i adrenalina unui escape room cu fascina\u021bia \u0219i misterul unui joc de murder mystery, ad\u0103ug\u00e2nd \u0219i o doz\u0103 de umor \u0219i inedit prin interac\u021biunea cu un actor pe parcurs.<\/p>\n<p>Datorit\u0103 formatului \u0219i a ambientului \u00een care se desf\u0103\u0219oar\u0103, acest joc poate fi rezervat exclusiv pe perioada verii.<\/p>\n<p>Pentru o experien\u021b\u0103 ideal\u0103, recomand\u0103m echipe de 2-3 persoane.<br \/>\nJocul este disponibil doar \u00een limba englez\u0103.<br \/>\nV\u00e2rsta minim\u0103: 13 ani. Minorii ne\u00eenso\u021bi\u021bi de minim un adult nu vor avea acces la joc<\/p>\n\n\t<div class=\"clearboth\"><\/div>\n<\/div>\n\n\t<\/div>\n<\/div><\/div><\/div><div class=\"wpb_column vc_column_container vc_col-sm-4\"><div class=\"vc_column-inner\"><div class=\"wpb_wrapper\">\n<div class=\"mk-custom-box jupiter-donut- hover-effect-image\"   id=\"box-7\">\n\t<div class=\"box-holder\">\n<div class=\"vc_icon_element vc_icon_element-outer detail_icon no_bottom_margin vc_icon_element-align-left\"><div class=\"vc_icon_element-inner vc_icon_element-color-custom vc_icon_element-size-lg vc_icon_element-style- vc_icon_element-background-color-grey\"><span class=\"vc_icon_element-icon fas fa-graduation-cap\"   style=\"color:#00a3ef !important\"><\/span><\/div><\/div>\n\t<div class=\"wpb_raw_code wpb_content_element wpb_raw_html vc_custom_1595778975034 no_bottom_margin\">\n\t\t<div class=\"wpb_wrapper\">\n\t\t\t<span class=\"detail_title\">Difficulty<\/span>\n<br>\n<span class=\"detail_info\">8 \/ 10<\/span>\n\t\t<\/div>\n\t<\/div>\n\n\t\t<div class=\"jupiter-donut-clearfix\"><\/div>\n\t<\/div>\n<\/div>\n\n<div class=\"mk-custom-box jupiter-donut- hover-effect-image\"   id=\"box-8\">\n\t<div class=\"box-holder\">\n<div class=\"vc_icon_element vc_icon_element-outer detail_icon vc_icon_element-align-left\"><div class=\"vc_icon_element-inner vc_icon_element-color-custom vc_icon_element-size-lg vc_icon_element-style- vc_icon_element-background-color-grey\"><span class=\"vc_icon_element-icon fas fa-users\"   style=\"color:#00a3ef !important\"><\/span><\/div><\/div>\n\t<div class=\"wpb_raw_code wpb_content_element wpb_raw_html vc_custom_1590494307642 no_bottom_margin\">\n\t\t<div class=\"wpb_wrapper\">\n\t\t\t<span class=\"detail_title\">No. of players<\/span>\n<br>\n<span class=\"detail_info\">max. 3 juc\u0103tori<\/span>\n\t\t<\/div>\n\t<\/div>\n\n\t\t<div class=\"jupiter-donut-clearfix\"><\/div>\n\t<\/div>\n<\/div>\n\n<div class=\"mk-custom-box jupiter-donut- hover-effect-image\"   id=\"box-9\">\n\t<div class=\"box-holder\">\n<div class=\"vc_icon_element vc_icon_element-outer detail_icon vc_icon_element-align-left\"><div class=\"vc_icon_element-inner vc_icon_element-color-custom vc_icon_element-size-lg vc_icon_element-style- vc_icon_element-background-color-grey\"><span class=\"vc_icon_element-icon far fa-clock\"   style=\"color:#00a3ef !important\"><\/span><\/div><\/div>\n\t<div class=\"wpb_raw_code wpb_content_element wpb_raw_html vc_custom_1595415403586 no_bottom_margin\">\n\t\t<div class=\"wpb_wrapper\">\n\t\t\t<span class=\"detail_title\">Duration<\/span>\n<br>\n<span class=\"detail_info\">1 or\u0103<\/span>\n\t\t<\/div>\n\t<\/div>\n\n\t\t<div class=\"jupiter-donut-clearfix\"><\/div>\n\t<\/div>\n<\/div>\n\n<div class=\"mk-custom-box jupiter-donut- hover-effect-image\"   id=\"box-10\">\n\t<div class=\"box-holder\">\n<div class=\"vc_icon_element vc_icon_element-outer detail_icon vc_icon_element-align-left\"><div class=\"vc_icon_element-inner vc_icon_element-color-custom vc_icon_element-size-lg vc_icon_element-style- vc_icon_element-background-color-grey\"><span class=\"vc_icon_element-icon fas fa-globe\"   style=\"color:#00a3ef !important\"><\/span><\/div><\/div>\n\t<div class=\"wpb_raw_code wpb_content_element wpb_raw_html vc_custom_1595415419131 no_bottom_margin\">\n\t\t<div class=\"wpb_wrapper\">\n\t\t\t<span class=\"detail_title\">Language<\/span>\n<br>\n<span class=\"detail_info\">Englez\u0103<\/span>\n\t\t<\/div>\n\t<\/div>\n\n\t\t<div class=\"jupiter-donut-clearfix\"><\/div>\n\t<\/div>\n<\/div>\n<\/div><\/div><\/div>\t<\/div>\n\n<div id=\"padding-11\"   class=\"mk-padding-divider jupiter-donut-  jupiter-donut-clearfix\"><\/div>\n\n<div class=\"vc_separator wpb_content_element vc_separator_align_center vc_sep_width_100 vc_sep_border_width_5 vc_sep_pos_align_center\" ><span class=\"vc_sep_holder vc_sep_holder_l\"><span  style=\"border-color:#00a3ef;\"   class=\"vc_sep_line\"><\/span><\/span><span class=\"vc_sep_holder vc_sep_holder_r\"><span  style=\"border-color:#00a3ef;\"   class=\"vc_sep_line\"><\/span><\/span>\n<\/div>\n\n<div class=\"wpb_row vc_inner vc_row vc_row-fluid jupiter-donut-   attched-false\">\n\t\t\t<div class=\"wpb_column vc_column_container vc_col-sm-8\"><div class=\"vc_column-inner\"><div class=\"wpb_wrapper\">\n<div id=\"padding-12\"   class=\"mk-padding-divider jupiter-donut-  jupiter-donut-clearfix\"><\/div>\n\n<div class=\"wpb_images_carousel wpb_content_element vc_clearfix\"><div class=\"wpb_wrapper\"><div id=\"vc_images-carousel-1-1778793116\"   data-ride=\"vc_carousel\"   data-wrap=\"true\"   style=\"width: 700px;\"   data-interval=\"5000\"   data-auto-height=\"yes\"   data-mode=\"horizontal\"   data-partial=\"false\"   data-per-view=\"1\"   data-hide-on-end=\"false\"   class=\"vc_slide vc_images_carousel\"><div class=\"vc_carousel-inner\"><div class=\"vc_carousel-slideline\"><div class=\"vc_carousel-slideline-inner\"><div class=\"vc_item\"><div class=\"vc_inner\"><img class=\"\"   src=\"https:\/\/www.thecodex.ro\/wp-content\/uploads\/2020\/07\/b-700x374.jpg\"   width=\"700\"   height=\"374\"   alt=\"b\" title=\"b\" \/><\/div><\/div><div class=\"vc_item\"><div class=\"vc_inner\"><img class=\"\"   src=\"https:\/\/www.thecodex.ro\/wp-content\/uploads\/2020\/07\/a-700x374.jpg\"   width=\"700\"   height=\"374\"   alt=\"a\"   title=\"a\" \/><\/div><\/div><div class=\"vc_item\"  ><div class=\"vc_inner\"><img class=\"\"   src=\"https:\/\/www.thecodex.ro\/wp-content\/uploads\/2020\/07\/viz-pag-dedicata-700x374.jpg\"   width=\"700\"   height=\"374\"   alt=\"viz-pag-dedicata\"   title=\"viz-pag-dedicata\" \/><\/div><\/div><\/div><\/div><\/div><a class=\"vc_left vc_carousel-control\"   href=\"#vc_images-carousel-1-1778793116\"   data-slide=\"prev\"><span class=\"icon-prev\"><\/span><\/a><a class=\"vc_right vc_carousel-control\"   href=\"#vc_images-carousel-1-1778793116\"   data-slide=\"next\"><span class=\"icon-next\"><\/span><\/a><\/div><\/div><\/div><\/div><\/div><\/div><div class=\"wpb_column vc_column_container vc_col-sm-4\" ><div class=\"vc_column-inner\"><div class=\"wpb_wrapper\"><\/div><\/div><\/div>\t<\/div>\n<\/div>\n<\/div>\n            <div class=\"clearboth\"><\/div>\n        <\/div>\n\n\n\t\t\t\n\t\t\t\n\t\t\t\n\t\t<div class=\"clearboth\"><\/div>\n\t<\/div>\n<\/div>\n<div class=\"vc_row-full-width vc_clearfix\"><\/div>\n\n[:en]\n<div class=\"mk-page-section-wrapper\"   data-mk-full-width=\"true\"   data-mk-full-width-init=\"true\"   data-mk-stretch-content=\"true\">\n\t<div id=\"page-section-13\"   class=\"mk-page-section self-hosted   full_layout full-width-13 js-el js-master-row jupiter-donut-\"      data-intro-effect=\"false\">\n\n\t\t\t\n\t\t\t<div class=\"mk-page-section-inner\">\n\t\t\t\t\n\n\n<div style=\"background-color:#000000;opacity:0.5;\"  class=\"mk-video-color-mask\"><\/div>\n\n\t\t\t\t\n\t\t\t\t\n\t\n\t<div class=\"background-layer-holder\">\n\t\t<div id=\"background-layer--13\"   data-mk-lazyload=\"false\"   class=\"background-layer mk-background-stretch none-blend-effect js-el\"      data-mk-img-set='{\"landscape\"  :{\"desktop\"  :\"https:\/\/www.thecodex.ro\/wp-content\/uploads\/2020\/07\/hollywood-murder-mystery-escape-room-the-codex-details.jpg\"  ,\"tablet\"  :\"https:\/\/www.thecodex.ro\/wp-content\/uploads\/2020\/07\/hollywood-murder-mystery-escape-room-the-codex-details-1024x713.jpg\"  ,\"mobile\"  :\"https:\/\/www.thecodex.ro\/wp-content\/uploads\/2020\/07\/hollywood-murder-mystery-escape-room-the-codex-details-594x414.jpg\"},\"responsive\":\"true\"}' >\n\t\t\t\t\t\t\t\t\t<div class=\"mk-color-layer\"><\/div>\n\t\t<\/div>\n\t<\/div>\n\n\t\t\t<\/div>\n\n\t\t\t\n        <div class=\"page-section-content vc_row-fluid mk-grid\" >\n            <div class=\"mk-padding-wrapper wpb_row\">\n<div class=\"vc_col-sm-12 wpb_column column_container  jupiter-donut- _ jupiter-donut-height-full\">\n\t\n<div id=\"padding-15\"   class=\"mk-padding-divider jupiter-donut-  jupiter-donut-clearfix\"><\/div>\n\n<h2 style=\"font-size: 32px;color: #ffffff;text-align: left;font-family:Open Sans;font-weight:700;font-style:normal\"   class=\"vc_custom_heading vc_custom_1595415474693\" >A Hollywood Murder Mystery<\/h2>\n<div id=\"padding-16\"   class=\"mk-padding-divider jupiter-donut-  jupiter-donut-clearfix\"><\/div>\n\n\n\n<div class=\"wpb_row vc_inner vc_row vc_row-fluid jupiter-donut-  add-padding-0 attched-true\">\n\t\t\t<div class=\"wpb_column vc_column_container vc_col-sm-8\"><div class=\"vc_column-inner\"><div class=\"wpb_wrapper\">\n<div id=\"padding-17\"   class=\"mk-padding-divider jupiter-donut-  jupiter-donut-clearfix\"><\/div>\n\n\t<div class=\"vc_custom_1595418372945\">\n\n<div id=\"text-block-18\"   class=\"mk-text-block  jupiter-donut- justified\">\n\n\t\n\t<p>A Hollywood Murder Mystery is a unique type of escape game that takes place in an unconventional setting: the trailer\/caravan of the missing actress, and the outdoor surroundings (the MGM Studios film<br \/>\nset).<\/p>\n<p>The game combines the thrill and adrenaline of an escape room with the glitz and glam of a murder mystery game and the fun and excitement of an in-game actor performance!<\/p>\n<p>Because of the setting, the game will only be available for bookings in the summertime.<\/p>\n<p>For a perfect experience, we recommend teams of 2 or 3 people.<br \/>\nThis game is available only in English.<br \/>\nMinimum participantion age is 13. Children must be accompanied by at least one adult to be allowed access<\/p>\n\n\t<div class=\"clearboth\"><\/div>\n<\/div>\n\n\t<\/div>\n<\/div><\/div><\/div><div class=\"wpb_column vc_column_container vc_col-sm-4\"><div class=\"vc_column-inner\"><div class=\"wpb_wrapper\">\n<div class=\"mk-custom-box jupiter-donut- hover-effect-image\"   id=\"box-19\">\n\t<div class=\"box-holder\">\n<div class=\"vc_icon_element vc_icon_element-outer detail_icon no_bottom_margin vc_icon_element-align-left\"><div class=\"vc_icon_element-inner vc_icon_element-color-custom vc_icon_element-size-lg vc_icon_element-style- vc_icon_element-background-color-grey\"><span class=\"vc_icon_element-icon fas fa-graduation-cap\"   style=\"color:#00a3ef !important\"><\/span><\/div><\/div>\n\t<div class=\"wpb_raw_code wpb_content_element wpb_raw_html vc_custom_1595779030494 no_bottom_margin\">\n\t\t<div class=\"wpb_wrapper\">\n\t\t\t<span class=\"detail_title\">Difficulty<\/span>\n<br>\n<span class=\"detail_info\">8 \/ 10<\/span>\n\t\t<\/div>\n\t<\/div>\n\n\t\t<div class=\"jupiter-donut-clearfix\"><\/div>\n\t<\/div>\n<\/div>\n\n<div class=\"mk-custom-box jupiter-donut- hover-effect-image\"   id=\"box-20\">\n\t<div class=\"box-holder\">\n<div class=\"vc_icon_element vc_icon_element-outer detail_icon vc_icon_element-align-left\"><div class=\"vc_icon_element-inner vc_icon_element-color-custom vc_icon_element-size-lg vc_icon_element-style- vc_icon_element-background-color-grey\"><span class=\"vc_icon_element-icon fas fa-users\"   style=\"color:#00a3ef !important\"><\/span><\/div><\/div>\n\t<div class=\"wpb_raw_code wpb_content_element wpb_raw_html vc_custom_1595418541195 no_bottom_margin\">\n\t\t<div class=\"wpb_wrapper\">\n\t\t\t<span class=\"detail_title\">For teams of<\/span>\n<br>\n<span class=\"detail_info\">max. 3 players<\/span>\n\t\t<\/div>\n\t<\/div>\n\n\t\t<div class=\"jupiter-donut-clearfix\"><\/div>\n\t<\/div>\n<\/div>\n\n<div class=\"mk-custom-box jupiter-donut- hover-effect-image\"   id=\"box-21\">\n\t<div class=\"box-holder\">\n<div class=\"vc_icon_element vc_icon_element-outer detail_icon vc_icon_element-align-left\"><div class=\"vc_icon_element-inner vc_icon_element-color-custom vc_icon_element-size-lg vc_icon_element-style- vc_icon_element-background-color-grey\"><span class=\"vc_icon_element-icon far fa-clock\"   style=\"color:#00a3ef !important\"><\/span><\/div><\/div>\n\t<div class=\"wpb_raw_code wpb_content_element wpb_raw_html vc_custom_1595418558317 no_bottom_margin\">\n\t\t<div class=\"wpb_wrapper\">\n\t\t\t<span class=\"detail_title\">Duration<\/span>\n<br>\n<span class=\"detail_info\">1h<\/span>\n\t\t<\/div>\n\t<\/div>\n\n\t\t<div class=\"jupiter-donut-clearfix\"><\/div>\n\t<\/div>\n<\/div>\n\n<div class=\"mk-custom-box jupiter-donut- hover-effect-image\"   id=\"box-22\">\n\t<div class=\"box-holder\">\n<div class=\"vc_icon_element vc_icon_element-outer detail_icon vc_icon_element-align-left\"><div class=\"vc_icon_element-inner vc_icon_element-color-custom vc_icon_element-size-lg vc_icon_element-style- vc_icon_element-background-color-grey\"><span class=\"vc_icon_element-icon fas fa-globe\"   style=\"color:#00a3ef !important\"><\/span><\/div><\/div>\n\t<div class=\"wpb_raw_code wpb_content_element wpb_raw_html vc_custom_1595418574471 no_bottom_margin\">\n\t\t<div class=\"wpb_wrapper\">\n\t\t\t<span class=\"detail_title\">Language<\/span>\n<br>\n<span class=\"detail_info\">English<\/span>\n\t\t<\/div>\n\t<\/div>\n\n\t\t<div class=\"jupiter-donut-clearfix\"><\/div>\n\t<\/div>\n<\/div>\n<\/div><\/div><\/div>\t<\/div>\n\n<div id=\"padding-23\"   class=\"mk-padding-divider jupiter-donut-  jupiter-donut-clearfix\"><\/div>\n\n<div class=\"vc_separator wpb_content_element vc_separator_align_center vc_sep_width_100 vc_sep_border_width_5 vc_sep_pos_align_center\" ><span class=\"vc_sep_holder vc_sep_holder_l\"><span  style=\"border-color:#00a3ef;\"   class=\"vc_sep_line\"><\/span><\/span><span class=\"vc_sep_holder vc_sep_holder_r\"><span  style=\"border-color:#00a3ef;\"   class=\"vc_sep_line\"><\/span><\/span>\n<\/div>\n\n<div class=\"wpb_row vc_inner vc_row vc_row-fluid jupiter-donut-   attched-false\">\n\t\t\t<div class=\"wpb_column vc_column_container vc_col-sm-8\"><div class=\"vc_column-inner\"><div class=\"wpb_wrapper\">\n<div id=\"padding-24\"   class=\"mk-padding-divider jupiter-donut-  jupiter-donut-clearfix\"><\/div>\n\n<div class=\"wpb_images_carousel wpb_content_element vc_clearfix\"><div class=\"wpb_wrapper\"><div id=\"vc_images-carousel-2-1778793116\"   data-ride=\"vc_carousel\"   data-wrap=\"true\"   style=\"width: 700px;\"   data-interval=\"5000\"   data-auto-height=\"yes\"   data-mode=\"horizontal\"   data-partial=\"false\"   data-per-view=\"1\"   data-hide-on-end=\"false\"   class=\"vc_slide vc_images_carousel\"><div class=\"vc_carousel-inner\"><div class=\"vc_carousel-slideline\"><div class=\"vc_carousel-slideline-inner\"><div class=\"vc_item\"><div class=\"vc_inner\"><img class=\"\"   src=\"https:\/\/www.thecodex.ro\/wp-content\/uploads\/2020\/07\/b-700x374.jpg\"   width=\"700\"   height=\"374\"   alt=\"b\" title=\"b\" \/><\/div><\/div><div class=\"vc_item\" ><div class=\"vc_inner\"><img class=\"\"   src=\"https:\/\/www.thecodex.ro\/wp-content\/uploads\/2020\/07\/a-700x374.jpg\"   width=\"700\"   height=\"374\"   alt=\"a\"   title=\"a\" \/><\/div><\/div><div class=\"vc_item\" ><div class=\"vc_inner\"><img class=\"\"   src=\"https:\/\/www.thecodex.ro\/wp-content\/uploads\/2020\/07\/viz-pag-dedicata-700x374.jpg\"   width=\"700\"   height=\"374\"   alt=\"viz-pag-dedicata\"   title=\"viz-pag-dedicata\" \/><\/div><\/div><\/div><\/div><\/div><a class=\"vc_left vc_carousel-control\"   href=\"#vc_images-carousel-2-1778793116\"   data-slide=\"prev\"><span class=\"icon-prev\"><\/span><\/a><a class=\"vc_right vc_carousel-control\"   href=\"#vc_images-carousel-2-1778793116\"   data-slide=\"next\"><span class=\"icon-next\"><\/span><\/a><\/div><\/div><\/div><\/div><\/div><\/div><div class=\"wpb_column vc_column_container vc_col-sm-4\" ><div class=\"vc_column-inner\"><div class=\"wpb_wrapper\"><\/div><\/div><\/div>\t<\/div>\n<\/div>\n<\/div>\n            <div class=\"clearboth\"><\/div>\n        <\/div>\n\n\n\t\t\t\n\t\t\t\n\t\t\t\n\t\t<div class=\"clearboth\"><\/div>\n\t<\/div>\n<\/div>\n<div class=\"vc_row-full-width vc_clearfix\"><\/div>\n\n[:]","protected":false},"excerpt":{"rendered":"<p>[:ro][:en][:]<\/p>","protected":false},"author":1,"featured_media":0,"parent":464,"menu_order":0,"comment_status":"closed","ping_status":"closed","template":"","meta":[],"yoast_head":"<!-- This site is optimized with the Yoast SEO plugin v18.6 - https:\/\/yoast.com\/wordpress\/plugins\/seo\/ -->\n<title>Escape Rooms Bucuresti - Camere de Evadare<\/title>\n<meta name=\"description\"  content=\"Cele mai bune Escape Rooms din Bucuresti! Ia-ti prietenii si rezerva camera de evadare preferata! The Codex Escape Rooms Bucuresti.\" \/>\n<meta name=\"robots\"  content=\"index, follow, max-snippet:-1, max-image-preview:large, max-video-preview:-1\" \/>\n<link rel=\"canonical\"  href=\"https:\/\/www.thecodex.ro\/en\/jocuri\/a_hollywood_murder_mystery\/\" \/>\n<meta property=\"og:locale\"  content=\"en_GB\" \/>\n<meta property=\"og:type\"  content=\"article\" \/>\n<meta property=\"og:title\"  content=\"Escape Rooms Bucuresti - Camere de Evadare\" \/>\n<meta property=\"og:description\"  content=\"Cele mai bune Escape Rooms din Bucuresti! Ia-ti prietenii si rezerva camera de evadare preferata! The Codex Escape Rooms Bucuresti.\" \/>\n<meta property=\"og:url\"  content=\"https:\/\/www.thecodex.ro\/en\/jocuri\/a_hollywood_murder_mystery\/\" \/>\n<meta property=\"og:site_name\" content=\"The Codex\" \/>\n<meta property=\"article:publisher\"  content=\"https:\/\/www.facebook.com\/CodexMysteriumRomania\/\" \/>\n<meta property=\"article:modified_time\"  content=\"2021-02-13T17:19:07+00:00\" \/>\n<meta name=\"twitter:card\" content=\"summary\" \/>\n<meta name=\"twitter:label1\" content=\"Estimated reading time\" \/>\n\t<meta name=\"twitter:data1\" content=\"1 minute\" \/>\n<script type=\"application\/ld+json\" class=\"yoast-schema-graph\">{\"@context\":\"https:\/\/schema.org\",\"@graph\":[{\"@type\":\"WebSite\",\"@id\":\"https:\/\/www.thecodex.ro\/#website\",\"url\":\"https:\/\/www.thecodex.ro\/\",\"name\":\"The Codex\",\"description\":\"Escape and Challenge Rooms\",\"potentialAction\":[{\"@type\":\"SearchAction\",\"target\":{\"@type\":\"EntryPoint\",\"urlTemplate\":\"https:\/\/www.thecodex.ro\/?s={search_term_string}\"},\"query-input\":\"required name=search_term_string\"}],\"inLanguage\":\"en-GB\"},{\"@type\":\"WebPage\",\"@id\":\"https:\/\/www.thecodex.ro\/jocuri\/a_hollywood_murder_mystery\/#webpage\",\"url\":\"https:\/\/www.thecodex.ro\/jocuri\/a_hollywood_murder_mystery\/\",\"name\":\"Escape Rooms Bucuresti - Camere de Evadare\",\"isPartOf\":{\"@id\":\"https:\/\/www.thecodex.ro\/#website\"},\"datePublished\":\"2020-07-22T10:53:43+00:00\",\"dateModified\":\"2021-02-13T17:19:07+00:00\",\"description\":\"Cele mai bune Escape Rooms din Bucuresti! Ia-ti prietenii si rezerva camera de evadare preferata! The Codex Escape Rooms Bucuresti.\",\"breadcrumb\":{\"@id\":\"https:\/\/www.thecodex.ro\/jocuri\/a_hollywood_murder_mystery\/#breadcrumb\"},\"inLanguage\":\"en-GB\",\"potentialAction\":[{\"@type\":\"ReadAction\",\"target\":[\"https:\/\/www.thecodex.ro\/jocuri\/a_hollywood_murder_mystery\/\"]}]},{\"@type\":\"BreadcrumbList\",\"@id\":\"https:\/\/www.thecodex.ro\/jocuri\/a_hollywood_murder_mystery\/#breadcrumb\",\"itemListElement\":[{\"@type\":\"ListItem\",\"position\":1,\"name\":\"Home\",\"item\":\"https:\/\/www.thecodex.ro\/\"},{\"@type\":\"ListItem\",\"position\":2,\"name\":\"Jocuri\",\"item\":\"https:\/\/www.thecodex.ro\/jocuri\/\"},{\"@type\":\"ListItem\",\"position\":3,\"name\":\"A Hollywood Murder Mystery\"}]}]}<\/script>\n<!-- \/ Yoast SEO plugin. -->","yoast_head_json":{"title":"Escape Rooms Bucuresti - Camere de Evadare","description":"Cele mai bune Escape Rooms din Bucuresti! Ia-ti prietenii si rezerva camera de evadare preferata! The Codex Escape Rooms Bucuresti.","robots":{"index":"index","follow":"follow","max-snippet":"max-snippet:-1","max-image-preview":"max-image-preview:large","max-video-preview":"max-video-preview:-1"},"canonical":"https:\/\/www.thecodex.ro\/en\/jocuri\/a_hollywood_murder_mystery\/","og_locale":"en_GB","og_type":"article","og_title":"Escape Rooms Bucuresti - Camere de Evadare","og_description":"Cele mai bune Escape Rooms din Bucuresti! Ia-ti prietenii si rezerva camera de evadare preferata! The Codex Escape Rooms Bucuresti.","og_url":"https:\/\/www.thecodex.ro\/en\/jocuri\/a_hollywood_murder_mystery\/","og_site_name":"The Codex","article_publisher":"https:\/\/www.facebook.com\/CodexMysteriumRomania\/","article_modified_time":"2021-02-13T17:19:07+00:00","twitter_card":"summary","twitter_misc":{"Estimated reading time":"1 minute"},"schema":{"@context":"https:\/\/schema.org","@graph":[{"@type":"WebSite","@id":"https:\/\/www.thecodex.ro\/#website","url":"https:\/\/www.thecodex.ro\/","name":"The Codex","description":"Escape and Challenge Rooms","potentialAction":[{"@type":"SearchAction","target":{"@type":"EntryPoint","urlTemplate":"https:\/\/www.thecodex.ro\/?s={search_term_string}"},"query-input":"required name=search_term_string"}],"inLanguage":"en-GB"},{"@type":"WebPage","@id":"https:\/\/www.thecodex.ro\/jocuri\/a_hollywood_murder_mystery\/#webpage","url":"https:\/\/www.thecodex.ro\/jocuri\/a_hollywood_murder_mystery\/","name":"Escape Rooms Bucuresti - Camere de Evadare","isPartOf":{"@id":"https:\/\/www.thecodex.ro\/#website"},"datePublished":"2020-07-22T10:53:43+00:00","dateModified":"2021-02-13T17:19:07+00:00","description":"Cele mai bune Escape Rooms din Bucuresti! Ia-ti prietenii si rezerva camera de evadare preferata! The Codex Escape Rooms Bucuresti.","breadcrumb":{"@id":"https:\/\/www.thecodex.ro\/jocuri\/a_hollywood_murder_mystery\/#breadcrumb"},"inLanguage":"en-GB","potentialAction":[{"@type":"ReadAction","target":["https:\/\/www.thecodex.ro\/jocuri\/a_hollywood_murder_mystery\/"]}]},{"@type":"BreadcrumbList","@id":"https:\/\/www.thecodex.ro\/jocuri\/a_hollywood_murder_mystery\/#breadcrumb","itemListElement":[{"@type":"ListItem","position":1,"name":"Home","item":"https:\/\/www.thecodex.ro\/"},{"@type":"ListItem","position":2,"name":"Jocuri","item":"https:\/\/www.thecodex.ro\/jocuri\/"},{"@type":"ListItem","position":3,"name":"A Hollywood Murder Mystery"}]}]}},"_links":{"self":[{"href":"https:\/\/www.thecodex.ro\/en\/wp-json\/wp\/v2\/pages\/8210"}],"collection":[{"href":"https:\/\/www.thecodex.ro\/en\/wp-json\/wp\/v2\/pages"}],"about":[{"href":"https:\/\/www.thecodex.ro\/en\/wp-json\/wp\/v2\/types\/page"}],"author":[{"embeddable":true,"href":"https:\/\/www.thecodex.ro\/en\/wp-json\/wp\/v2\/users\/1"}],"replies":[{"embeddable":true,"href":"https:\/\/www.thecodex.ro\/en\/wp-json\/wp\/v2\/comments?post=8210"}],"version-history":[{"count":33,"href":"https:\/\/www.thecodex.ro\/en\/wp-json\/wp\/v2\/pages\/8210\/revisions"}],"predecessor-version":[{"id":8837,"href":"https:\/\/www.thecodex.ro\/en\/wp-json\/wp\/v2\/pages\/8210\/revisions\/8837"}],"up":[{"embeddable":true,"href":"https:\/\/www.thecodex.ro\/en\/wp-json\/wp\/v2\/pages\/464"}],"wp:attachment":[{"href":"https:\/\/www.thecodex.ro\/en\/wp-json\/wp\/v2\/media?parent=8210"}],"curies":[{"name":"wp","href":"https:\/\/api.w.org\/{rel}","templated":true}]}}