{"id":8113,"date":"2020-05-26T12:09:56","date_gmt":"2020-05-26T09:09:56","guid":{"rendered":"https:\/\/www.thecodex.ro\/?page_id=8113"},"modified":"2022-04-21T22:21:16","modified_gmt":"2022-04-21T19:21:16","slug":"events","status":"publish","type":"page","link":"https:\/\/www.thecodex.ro\/en\/events\/","title":{"rendered":"Events"},"content":{"rendered":"<div class=\"mk-page-section-wrapper\"   data-mk-full-width=\"true\"  data-mk-full-width-init=\"true\"  data-mk-stretch-content=\"true\">\n\t<div id=\"page-section-1\"   class=\"mk-page-section self-hosted   full_layout full-width-1 js-el js-master-row jupiter-donut-    center-y\"   data-mk-component=\"FullHeight\"  data-fullheight-config='{\"min\" : 100}'    data-intro-effect=\"false\">\n\n\t\t\t\n\t\t\t<div class=\"mk-page-section-inner\">\n\t\t\t\t\n\n\n<div class=\"mk-video-color-mask\"><\/div>\n\n\t\t\t\t\n\t\t\t\t\n\t\n\t<div class=\"background-layer-holder\">\n\t\t<div id=\"background-layer--1\"   data-mk-lazyload=\"false\"   class=\"background-layer  none-blend-effect js-el\"      data-mk-img-set='{\"landscape\"  :{\"desktop\"  :\"https:\/\/www.thecodex.ro\/wp-content\/uploads\/2016\/03\/The-Codex-Escape_Rooms_About.jpg\"  ,\"tablet\"  :\"https:\/\/www.thecodex.ro\/wp-content\/uploads\/2016\/03\/The-Codex-Escape_Rooms_About-1024x768.jpg\"  ,\"mobile\"  :\"https:\/\/www.thecodex.ro\/wp-content\/uploads\/2016\/03\/The-Codex-Escape_Rooms_About-736x414.jpg\"},\"responsive\":\"true\"}' >\n\t\t\t\t\t\t\t\t\t<div class=\"mk-color-layer\"><\/div>\n\t\t<\/div>\n\t<\/div>\n\n\t\t\t<\/div>\n\n\t\t\t\n        <div class=\"page-section-content vc_row-fluid mk-grid\" >\n            <div class=\"mk-padding-wrapper wpb_row\">\n<div class=\"vc_col-sm-12 wpb_column column_container  jupiter-donut- _ jupiter-donut-height-full\">\n\t\n<div id=\"padding-3\"   class=\"mk-padding-divider jupiter-donut-  jupiter-donut-clearfix\"><\/div>\n\n\n<h2 id=\"fancy-title-4\"   class=\"mk-fancy-title  simple-style jupiter-donut-  color-single\">\n\t<span>\n\t\t\t\t<p style=\"text-align: center;\">Events<\/p>\n\t\t\t<\/span>\n<\/h2>\n<div class=\"clearboth\"><\/div>\n\n\n\n\n\n<div class=\"mk-tab-slider-nav jupiter-donut-\"  data-id=\"5\">\n\t        \t<a href=\"#\"   title=\"Muder Mystery - Tea(r)s and Sorrow\"><\/a>\n        <\/div>\n\n\n\n<div id=\"mk-tab-slider-5\"   data-id=\"5\"   data-autoplay=\"5000\"   class=\"mk-tab-slider\">\n    <div class=\"mk-tab-slider-wrapper\">\n                <div class=\"mk-tab-slider-item float-left skin-light\"  style=\"background-color:#0a0000;\">\n            <div class=\"mk-slider-image\">\n                <img src=\"https:\/\/www.thecodex.ro\/wp-content\/uploads\/2021\/12\/viual-mm-dec-2021-square.jpg\"   alt=\"Muder Mystery - Tea(r)s and Sorrow\" \/>\n            <\/div>\n\n            <div class=\"mk-slider-content\"   style=\"float:right;\">\n\n                <div class=\"mk-slider-content-inside\">\n                    <h3 class=\"mk-slider-title\"><span>Muder Mystery - Tea(r)s and Sorrow<\/span><hr \/><\/h3>\n                    <div class=\"mk-slider-description\"><p>22, 26-30 Decembrie 2021<\/p>\n<p>\u00cen ajunul Cr\u0103ciunului, Sir Rupert Graves, unul din cei mai celebri \u0219i respecta\u021bi  oameni de afaceri din Castle Combe, a decedat brusc \u00een conacul s\u0103u, \u00een aceea\u0219i zi \u00een care \u00eemplinea venerabila v\u00e2rst\u0103 de 60 de ani.<br \/>\nManiera brusc\u0103 a decesului, circumstan\u021bele suspecte \u0219i zvonurile legate de situa\u021bia personal\u0103 a decedatului ne fac s\u0103 credem c\u0103 ar putea fi vorba despre crim\u0103! Solicit\u0103m ajutorul unor investigatori talenta\u021bi \u0219i experimenta\u021bi, care s\u0103 fac\u0103 lumin\u0103 \u00een acest caz \u0219i s\u0103 aduc\u0103 vinovatul (sau vinova\u021bii) \u00een fa\u021ba justi\u021biei!<\/p>\n<\/div>\n                    \n                    \n                <\/div>\n            <\/div>\n\n        <\/div>\n            <\/div>\n<\/div>\n\n\n<div class=\"mk-tab-slider-nav jupiter-donut-\"   data-id=\"6\">\n\t        \t<a href=\"#\"   title=\"The Naughty List\"><\/a>\n        <\/div>\n\n\n\n<div id=\"mk-tab-slider-6\"   data-id=\"6\"   data-autoplay=\"5000\"   class=\"mk-tab-slider\">\n    <div class=\"mk-tab-slider-wrapper\">\n                <div class=\"mk-tab-slider-item float-left skin-light\"  style=\"background-color:#0a0000;\">\n            <div class=\"mk-slider-image\">\n                <img src=\"https:\/\/www.thecodex.ro\/wp-content\/uploads\/2020\/11\/moxy_christmas_visual-1.jpg\" alt=\"The Naughty List\" \/>\n            <\/div>\n\n            <div class=\"mk-slider-content\"   style=\"float:right;\">\n\n                <div class=\"mk-slider-content-inside\"  >\n                    <h3 class=\"mk-slider-title\"><span>The Naughty List<\/span><hr \/><\/h3>\n                    <div class=\"mk-slider-description\"><p>27 Nov. - 06 Dec. 2020<\/p>\n<p>S\u0103rb\u0103torile se apropie cu pa\u0219i repezi, iar Mo\u0219 Cr\u0103ciun a sosit deja \u00een ora\u0219 ca s\u0103 preg\u0103teasc\u0103 din timp cadourile pentru to\u021bi cei cumin\u021bi.  Din p\u0103cate, pentru motive doar de Mo\u0219 \u0219tiute, se pare c\u0103 anul acesta n-ai reu\u0219it s\u0103 intri \u00een gra\u021biile lui \u0219i nu e\u0219ti inclus pe list\u0103, a\u0219a c\u0103 pentru tine Cr\u0103ciunul e anulat!<br \/>\nMai ai \u00eens\u0103 o \u0219ans\u0103\u2026<\/p>\n<\/div>\n                    \n                    \n                <\/div>\n            <\/div>\n\n        <\/div>\n            <\/div>\n<\/div>\n\n\n<div class=\"mk-tab-slider-nav jupiter-donut-\"   data-id=\"7\">\n\t        \t<a href=\"#\"   title=\"The MOXY Files\"><\/a>\n        <\/div>\n\n\n\n<div id=\"mk-tab-slider-7\"   data-id=\"7\"   data-autoplay=\"5000\"   class=\"mk-tab-slider\">\n    <div class=\"mk-tab-slider-wrapper\">\n                <div class=\"mk-tab-slider-item float-left skin-light\"  style=\"background-color:#0a0000;\">\n            <div class=\"mk-slider-image\">\n                <img src=\"https:\/\/www.thecodex.ro\/wp-content\/uploads\/2020\/10\/vizual-moxy.jpg\" alt=\"The MOXY Files\" \/>\n            <\/div>\n\n            <div class=\"mk-slider-content\"   style=\"float:right;\">\n\n                <div class=\"mk-slider-content-inside\">\n                    <h3 class=\"mk-slider-title\"><span>The MOXY Files<\/span><hr \/><\/h3>\n                    <div class=\"mk-slider-description\"><p>30 Oct. - 01 Nov. 2020<\/p>\n<p>MOXY \u2013 cel mai nou lansat hotel din lantul Marriott- are nevoie de ajutorul tau!<\/p>\n<p>In ultimul timp, hotelul a inregistrat o serie de activitati paranormale, despre care se crede ca sunt in stransa legatura cu sarbatoarea de Halloween. In calitate de Vanator de Fantome amator, ai fost chemat sa evaluezi situatia si sa capturezi posibilele fantome care bantuie hotelul.<\/p>\n<\/div>\n                    \n                    \n                <\/div>\n            <\/div>\n\n        <\/div>\n            <\/div>\n<\/div>\n\n\n<div class=\"mk-tab-slider-nav jupiter-donut-\"   data-id=\"8\">\n\t        \t<a href=\"#\"   title=\"Treasure Hunt - A Most Peculiar Will\"><\/a>\n        <\/div>\n\n\n\n<div id=\"mk-tab-slider-8\"   data-id=\"8\"   data-autoplay=\"5000\"   class=\"mk-tab-slider\">\n    <div class=\"mk-tab-slider-wrapper\">\n                <div class=\"mk-tab-slider-item float-left skin-light\"  style=\"background-color:#0a0000;\">\n            <div class=\"mk-slider-image\">\n                <img src=\"https:\/\/www.thecodex.ro\/wp-content\/uploads\/2020\/05\/vizual_hunt_01.jpg\"   alt=\"Treasure Hunt - A Most Peculiar Will\" \/>\n            <\/div>\n\n            <div class=\"mk-slider-content\"   style=\"float:right;\">\n\n                <div class=\"mk-slider-content-inside\">\n                    <h3 class=\"mk-slider-title\"><span>Treasure Hunt - A Most Peculiar Will<\/span><hr \/><\/h3>\n                    <div class=\"mk-slider-description\"><p>31 Mai 2020<\/p>\n<p>\u0218tim cu to\u021bii c\u0103 situa\u021bia recent\u0103 ne-a privat pentru mult\u0103 vreme de c\u00e2teva elemente esen\u021biale pentru bun\u0103starea noastr\u0103 psihic\u0103, dar \u0219i fizic\u0103: soare, aer liber, mi\u0219care, socializare, dar \u0219i un strop de fun. A\u0219a c\u0103 ne-am g\u00e2ndit s\u0103 remediem situa\u021bia \u0219i s\u0103 v\u0103 provoc\u0103m la un (alt fel de) Treasure Hunt! <\/p>\n<\/div>\n                    \n                    \n                <\/div>\n            <\/div>\n\n        <\/div>\n            <\/div>\n<\/div>\n<\/div>\n<\/div>\n            <div class=\"clearboth\"><\/div>\n        <\/div>\n\n\n\t\t\t\n\t\t\t\n\t\t\t\n\t\t<div class=\"clearboth\"><\/div>\n\t<\/div>\n<\/div>\n<div class=\"vc_row-full-width vc_clearfix\"><\/div>","protected":false},"excerpt":{"rendered":"","protected":false},"author":1,"featured_media":0,"parent":0,"menu_order":0,"comment_status":"closed","ping_status":"closed","template":"","meta":[],"yoast_head":"<!-- This site is optimized with the Yoast SEO plugin v18.6 - https:\/\/yoast.com\/wordpress\/plugins\/seo\/ -->\n<title>Escape Rooms Bucuresti - Camere de Evadare<\/title>\n<meta name=\"description\"  content=\"Cele mai bune Escape Rooms din Bucuresti! Ia-ti prietenii si rezerva camera de evadare preferata! The Codex Escape Rooms Bucuresti.\" \/>\n<meta name=\"robots\"  content=\"index, follow, max-snippet:-1, max-image-preview:large, max-video-preview:-1\" \/>\n<link rel=\"canonical\"  href=\"https:\/\/www.thecodex.ro\/en\/events\/\" \/>\n<meta property=\"og:locale\"  content=\"en_GB\" \/>\n<meta property=\"og:type\"  content=\"article\" \/>\n<meta property=\"og:title\"  content=\"Escape Rooms Bucuresti - Camere de Evadare\" \/>\n<meta property=\"og:description\"  content=\"Cele mai bune Escape Rooms din Bucuresti! Ia-ti prietenii si rezerva camera de evadare preferata! The Codex Escape Rooms Bucuresti.\" \/>\n<meta property=\"og:url\"  content=\"https:\/\/www.thecodex.ro\/en\/events\/\" \/>\n<meta property=\"og:site_name\" content=\"The Codex\" \/>\n<meta property=\"article:publisher\"  content=\"https:\/\/www.facebook.com\/CodexMysteriumRomania\/\" \/>\n<meta property=\"article:modified_time\"  content=\"2022-04-21T19:21:16+00:00\" \/>\n<meta name=\"twitter:card\" content=\"summary\" \/>\n<script type=\"application\/ld+json\" class=\"yoast-schema-graph\">{\"@context\":\"https:\/\/schema.org\",\"@graph\":[{\"@type\":\"WebSite\",\"@id\":\"https:\/\/www.thecodex.ro\/#website\",\"url\":\"https:\/\/www.thecodex.ro\/\",\"name\":\"The Codex\",\"description\":\"Escape and Challenge Rooms\",\"potentialAction\":[{\"@type\":\"SearchAction\",\"target\":{\"@type\":\"EntryPoint\",\"urlTemplate\":\"https:\/\/www.thecodex.ro\/?s={search_term_string}\"},\"query-input\":\"required name=search_term_string\"}],\"inLanguage\":\"en-GB\"},{\"@type\":\"WebPage\",\"@id\":\"https:\/\/www.thecodex.ro\/events\/#webpage\",\"url\":\"https:\/\/www.thecodex.ro\/events\/\",\"name\":\"Escape Rooms Bucuresti - Camere de Evadare\",\"isPartOf\":{\"@id\":\"https:\/\/www.thecodex.ro\/#website\"},\"datePublished\":\"2020-05-26T09:09:56+00:00\",\"dateModified\":\"2022-04-21T19:21:16+00:00\",\"description\":\"Cele mai bune Escape Rooms din Bucuresti! Ia-ti prietenii si rezerva camera de evadare preferata! The Codex Escape Rooms Bucuresti.\",\"breadcrumb\":{\"@id\":\"https:\/\/www.thecodex.ro\/events\/#breadcrumb\"},\"inLanguage\":\"en-GB\",\"potentialAction\":[{\"@type\":\"ReadAction\",\"target\":[\"https:\/\/www.thecodex.ro\/events\/\"]}]},{\"@type\":\"BreadcrumbList\",\"@id\":\"https:\/\/www.thecodex.ro\/events\/#breadcrumb\",\"itemListElement\":[{\"@type\":\"ListItem\",\"position\":1,\"name\":\"Home\",\"item\":\"https:\/\/www.thecodex.ro\/\"},{\"@type\":\"ListItem\",\"position\":2,\"name\":\"Evenimente\"}]}]}<\/script>\n<!-- \/ Yoast SEO plugin. -->","yoast_head_json":{"title":"Escape Rooms Bucuresti - Camere de Evadare","description":"Cele mai bune Escape Rooms din Bucuresti! Ia-ti prietenii si rezerva camera de evadare preferata! The Codex Escape Rooms Bucuresti.","robots":{"index":"index","follow":"follow","max-snippet":"max-snippet:-1","max-image-preview":"max-image-preview:large","max-video-preview":"max-video-preview:-1"},"canonical":"https:\/\/www.thecodex.ro\/en\/events\/","og_locale":"en_GB","og_type":"article","og_title":"Escape Rooms Bucuresti - Camere de Evadare","og_description":"Cele mai bune Escape Rooms din Bucuresti! Ia-ti prietenii si rezerva camera de evadare preferata! The Codex Escape Rooms Bucuresti.","og_url":"https:\/\/www.thecodex.ro\/en\/events\/","og_site_name":"The Codex","article_publisher":"https:\/\/www.facebook.com\/CodexMysteriumRomania\/","article_modified_time":"2022-04-21T19:21:16+00:00","twitter_card":"summary","schema":{"@context":"https:\/\/schema.org","@graph":[{"@type":"WebSite","@id":"https:\/\/www.thecodex.ro\/#website","url":"https:\/\/www.thecodex.ro\/","name":"The Codex","description":"Escape and Challenge Rooms","potentialAction":[{"@type":"SearchAction","target":{"@type":"EntryPoint","urlTemplate":"https:\/\/www.thecodex.ro\/?s={search_term_string}"},"query-input":"required name=search_term_string"}],"inLanguage":"en-GB"},{"@type":"WebPage","@id":"https:\/\/www.thecodex.ro\/events\/#webpage","url":"https:\/\/www.thecodex.ro\/events\/","name":"Escape Rooms Bucuresti - Camere de Evadare","isPartOf":{"@id":"https:\/\/www.thecodex.ro\/#website"},"datePublished":"2020-05-26T09:09:56+00:00","dateModified":"2022-04-21T19:21:16+00:00","description":"Cele mai bune Escape Rooms din Bucuresti! Ia-ti prietenii si rezerva camera de evadare preferata! The Codex Escape Rooms Bucuresti.","breadcrumb":{"@id":"https:\/\/www.thecodex.ro\/events\/#breadcrumb"},"inLanguage":"en-GB","potentialAction":[{"@type":"ReadAction","target":["https:\/\/www.thecodex.ro\/events\/"]}]},{"@type":"BreadcrumbList","@id":"https:\/\/www.thecodex.ro\/events\/#breadcrumb","itemListElement":[{"@type":"ListItem","position":1,"name":"Home","item":"https:\/\/www.thecodex.ro\/"},{"@type":"ListItem","position":2,"name":"Evenimente"}]}]}},"_links":{"self":[{"href":"https:\/\/www.thecodex.ro\/en\/wp-json\/wp\/v2\/pages\/8113"}],"collection":[{"href":"https:\/\/www.thecodex.ro\/en\/wp-json\/wp\/v2\/pages"}],"about":[{"href":"https:\/\/www.thecodex.ro\/en\/wp-json\/wp\/v2\/types\/page"}],"author":[{"embeddable":true,"href":"https:\/\/www.thecodex.ro\/en\/wp-json\/wp\/v2\/users\/1"}],"replies":[{"embeddable":true,"href":"https:\/\/www.thecodex.ro\/en\/wp-json\/wp\/v2\/comments?post=8113"}],"version-history":[{"count":16,"href":"https:\/\/www.thecodex.ro\/en\/wp-json\/wp\/v2\/pages\/8113\/revisions"}],"predecessor-version":[{"id":9474,"href":"https:\/\/www.thecodex.ro\/en\/wp-json\/wp\/v2\/pages\/8113\/revisions\/9474"}],"wp:attachment":[{"href":"https:\/\/www.thecodex.ro\/en\/wp-json\/wp\/v2\/media?parent=8113"}],"curies":[{"name":"wp","href":"https:\/\/api.w.org\/{rel}","templated":true}]}}