{"id":5519,"date":"2018-01-23T13:43:49","date_gmt":"2018-01-23T11:43:49","guid":{"rendered":"http:\/\/www.thecodex.ro\/?page_id=5519"},"modified":"2018-01-24T13:29:51","modified_gmt":"2018-01-24T11:29:51","slug":"murder_mystery","status":"publish","type":"page","link":"https:\/\/www.thecodex.ro\/en\/murder_mystery\/","title":{"rendered":"Murder Mystery"},"content":{"rendered":"[:ro]\n<div class=\"mk-page-section-wrapper\"  data-mk-full-width=\"true\"  data-mk-full-width-init=\"true\"  data-mk-stretch-content=\"true\">\n\t<div id=\"page-section-1\"   class=\"mk-page-section self-hosted   full_layout full-width-1 js-el js-master-row jupiter-donut-\"     data-intro-effect=\"false\">\n\n\t\t\t\n\t\t\t<div class=\"mk-page-section-inner\">\n\t\t\t\t\n\n\n<div class=\"mk-video-color-mask\"><\/div>\n\n\t\t\t\t\n\t\t\t\t\t\t\t<\/div>\n\n\t\t\t\n        <div class=\"page-section-content vc_row-fluid page-section-fullwidth fluid-width-equal-height-columns vertical-align-top\" >\n            <div class=\"mk-padding-wrapper wpb_row\">\n<div class=\"vc_col-sm-12 wpb_column column_container  jupiter-donut- _ jupiter-donut-height-full\">\n\t\n<div id=\"padding-3\"   class=\"mk-padding-divider jupiter-donut-hidden-sm  jupiter-donut-clearfix\"><\/div>\n\n<div class=\"wpb_layerslider_element wpb_content_element\"><script type=\"text\/javascript\">jQuery(function() { _initLayerSlider( '#layerslider_2_vhpr0zdzi538', {sliderVersion: '6.6.4', pauseOnHover: 'enabled', skin: 'v6', globalBGColor: '#ffffff', useSrcset: true, skinsPath: 'https:\/\/www.thecodex.ro\/wp-content\/plugins\/LayerSlider\/assets\/static\/layerslider\/skins\/'}); });<\/script><link href=\"https:\/\/fonts.googleapis.com\/css?family=Lato:100,100i,200,200i,300,300i,400,400i,500,500i,600,600i,700,700i,800,800i,900,900i\"   rel=\"stylesheet\"><div id=\"layerslider_2_vhpr0zdzi538\"   class=\"ls-wp-container fitvidsignore\"   style=\"width:1280px;height:350px;margin:0 auto;margin-bottom: 0px;\"><div class=\"ls-slide\"   data-ls=\"kenburnsscale:1.2;parallaxtype:3d;parallaxrotate:20;\"><img width=\"1920\"   height=\"1080\"   src=\"https:\/\/www.thecodex.ro\/wp-content\/uploads\/2018\/01\/mrm_bg.jpg\"   class=\"ls-l ls-img-layer\"   alt=\"\"   srcset=\"https:\/\/www.thecodex.ro\/wp-content\/uploads\/2018\/01\/mrm_bg.jpg 1920w, https:\/\/www.thecodex.ro\/wp-content\/uploads\/2018\/01\/mrm_bg-300x169.jpg 300w, https:\/\/www.thecodex.ro\/wp-content\/uploads\/2018\/01\/mrm_bg-768x432.jpg 768w, https:\/\/www.thecodex.ro\/wp-content\/uploads\/2018\/01\/mrm_bg-1024x576.jpg 1024w\"   sizes=\"(max-width: 1920px) 100vw, 1920px\"   itemprop=\"image\"   style=\"top:-306.5px;left:-360px;text-align:initial;font-weight:400;font-style:normal;text-decoration:none;\"   data-ls=\"showinfo:1;parallax:true;parallaxlevel:-50;position:relative;\"><img width=\"788\"   height=\"624\"   src=\"https:\/\/www.thecodex.ro\/wp-content\/uploads\/2018\/01\/mr_text.png\"   class=\"ls-l ls-img-layer\"   alt=\"\"   srcset=\"https:\/\/www.thecodex.ro\/wp-content\/uploads\/2018\/01\/mr_text.png 788w, https:\/\/www.thecodex.ro\/wp-content\/uploads\/2018\/01\/mr_text-300x238.png 300w, https:\/\/www.thecodex.ro\/wp-content\/uploads\/2018\/01\/mr_text-768x608.png 768w\"   sizes=\"(max-width: 788px) 100vw, 788px\"   itemprop=\"image\"   style=\"top:40px;left:78px;text-align:initial;font-weight:400;font-style:normal;text-decoration:none;font-family:Lato;font-size:350px;color:#db003a;line-height:falsepx;width:304px;height:236px;\"   data-ls=\"showinfo:1;offsetxin:random(-100,100);durationin:3000;easingin:easeInOutCubic;rotatein:10;rotateyin:-10;transformoriginin:slidercenter slidermiddle 0;parallax:true;parallaxlevel:10;position:relative;\"><\/div><\/div><\/div><\/div>\n<\/div>\n            <div class=\"clearboth\"><\/div>\n        <\/div>\n\n\n\t\t\t\n\t\t\t\n\t\t\t\n\t\t<div class=\"clearboth\"><\/div>\n\t<\/div>\n<\/div>\n<div class=\"vc_row-full-width vc_clearfix\"><\/div>\n\n\n<div class=\"mk-page-section-wrapper\"   data-mk-full-width=\"true\"   data-mk-full-width-init=\"true\"   data-mk-stretch-content=\"true\">\n\t<div id=\"page-section-4\"   class=\"mk-page-section self-hosted   full_layout full-width-4 js-el js-master-row jupiter-donut-\"      data-intro-effect=\"false\">\n\n\t\t\t\n\t\t\t<div class=\"mk-page-section-inner\">\n\t\t\t\t\n\n\n<div class=\"mk-video-color-mask\"><\/div>\n\n\t\t\t\t\n\t\t\t\t\t\t\t<\/div>\n\n\t\t\t\n        <div class=\"page-section-content vc_row-fluid mk-grid fluid-width-equal-height-columns vertical-align-top\" >\n            <div class=\"mk-padding-wrapper wpb_row\">\n<div class=\"vc_col-sm-12 wpb_column column_container  jupiter-donut- _ jupiter-donut-height-full\">\n\t<h2 style=\"font-size: 32px;color: #ffffff;text-align: left;font-family:Open Sans;font-weight:700;font-style:normal\"   class=\"vc_custom_heading vc_custom_1516713939558\" >Murder Mystery Games<\/h2>\n\n<div class=\"wpb_row vc_inner vc_row vc_row-fluid jupiter-donut-   attched-false\">\n\t\t\t<div class=\"wpb_column vc_column_container vc_col-sm-8\"><div class=\"vc_column-inner\"><div class=\"wpb_wrapper\"><h4 style=\"color: #ffffff;text-align: left;font-family:Open Sans;font-weight:600;font-style:normal\"   class=\"vc_custom_heading\" >Despre Murder Corporation<\/h4>\n<div id=\"padding-6\"   class=\"mk-padding-divider jupiter-donut-  jupiter-donut-clearfix\"><\/div>\n\n\t<div class=\"vc_custom_1516715467506\">\n\n<div id=\"text-block-7\"   class=\"mk-text-block  jupiter-donut- justified\">\n\n\t\n\t<p style=\"text-align: justify;\"><a href=\"http:\/\/www.murdermystery.ro\">Murder Corporation<\/a> este un joint-venture \u00eentre 3 dintre cei mai aprecia\u021bi operatori de escape-rooms din Bucure\u0219ti: <a href=\"https:\/\/www.thecodex.ro\/en\/\">The Codex<\/a>, <a href=\"http:\/\/www.lockedup.ro\">LOCKEDup<\/a> \u0219i <a href=\"http:\/\/www.gameoftrolls.ro\">TROLL Escape Rooms<\/a>. \u00cempreun\u0103, am creat primul \u0219i singurul joc live din Rom\u00e2nia care combin\u0103 deduc\u021bia, probele de tip escape-room \u0219i teatrul interactiv \u00eentr-o experien\u021b\u0103 de entertainment nemai\u00eent\u00e2lnit\u0103! Jocurile \u0219i scenariile noastre sunt create integral de noi, pe un format cu totul nou, \u00een care probele de tip escape-room, talentul actoricesc \u0219i pl\u0103cerea unui adev\u0103rat murder-mystery game se \u00eempletesc \u00eentr-o singur\u0103 experien\u021b\u0103 captivant\u0103, unic\u0103 \u0219i memorabil\u0103.<\/p>\n<p style=\"text-align: justify;\">Primul nostru joc, <a href=\"http:\/\/www.murdermystery.ro\/jocuri\">Murder at the Royal Mansion<\/a>, v\u0103 va transpune \u00een lumea anilor 1940, unde \u0219antajul, secretele \u0219i luxul erau pe ordinea de zi a fiec\u0103ruia.<\/p>\n<p style=\"text-align: justify;\"><b>Biletele sunt disponibile \u00een sistem teatru: alege\u021bi data dorit\u0103 dintre cele anun\u021bate pe site-ul proiectului &#8211; <a href=\"http:\/\/www.murdermystery.ro\/bilete\"   target=\"_blank\" rel=\"nofollow noopener\">www.murdermystery.ro<\/a> &#8211; \u0219i achizi\u021biona\u021bi bilet pentru acea dat\u0103, de la sediul oric\u0103ruia dintre cei 3 organizatori &#8211; <a href=\"https:\/\/www.thecodex.ro\/en\/contact\/\">The Codex<\/a>, <a href=\"http:\/\/lockedup.ro\/room-escape-contact\">LOCKEDup<\/a> sau <a href=\"http:\/\/gameoftrolls.ro\/contact\">TROLL Escape Rooms<\/a> (v\u0103 rug\u0103m s\u0103 ne apela\u021bi \u00eenainte de a veni pentru bilete).<\/b><\/p>\n\n\t<div class=\"clearboth\"><\/div>\n<\/div>\n\n\t<\/div>\n<\/div><\/div><\/div><div class=\"wpb_column vc_column_container vc_col-sm-4\"><div class=\"vc_column-inner\"><div class=\"wpb_wrapper\">\n<div id=\"padding-8\"   class=\"mk-padding-divider jupiter-donut-  jupiter-donut-clearfix\"><\/div>\n\n\n<div class=\"mk-custom-box jupiter-donut- hover-effect-image\"   id=\"box-9\">\n\t<div class=\"box-holder\">\n<div class=\"vc_icon_element vc_icon_element-outer detail_icon vc_icon_element-align-left\"><div class=\"vc_icon_element-inner vc_icon_element-color-custom vc_icon_element-size-lg vc_icon_element-style- vc_icon_element-background-color-grey\"><span class=\"vc_icon_element-icon fa fa-users\"   style=\"color:#ef9937 !important\"><\/span><\/div><\/div>\n\t<div class=\"wpb_raw_code wpb_content_element wpb_raw_html vc_custom_1516147247467 no_bottom_margin\">\n\t\t<div class=\"wpb_wrapper\">\n\t\t\t<span class=\"detail_title\">Pentru<\/span>\n<br>\n<span class=\"detail_info\"   style=\"overflow:visible;\">15-20 de juc\u0103tori<\/span>\n\t\t<\/div>\n\t<\/div>\n\n\t\t<div class=\"jupiter-donut-clearfix\"><\/div>\n\t<\/div>\n<\/div>\n\n<div class=\"mk-custom-box jupiter-donut- hover-effect-image\"   id=\"box-10\">\n\t<div class=\"box-holder\">\n<div class=\"vc_icon_element vc_icon_element-outer detail_icon vc_icon_element-align-left\"><div class=\"vc_icon_element-inner vc_icon_element-color-custom vc_icon_element-size-lg vc_icon_element-style- vc_icon_element-background-color-grey\"><span class=\"vc_icon_element-icon fa fa-clock-o\"   style=\"color:#ef9937 !important\"><\/span><\/div><\/div>\n\t<div class=\"wpb_raw_code wpb_content_element wpb_raw_html vc_custom_1516715716465 no_bottom_margin\">\n\t\t<div class=\"wpb_wrapper\">\n\t\t\t<span class=\"detail_title\">Durata<\/span>\n<br>\n<span class=\"detail_info\">3 ore<\/span>\n\t\t<\/div>\n\t<\/div>\n\n\t\t<div class=\"jupiter-donut-clearfix\"><\/div>\n\t<\/div>\n<\/div>\n\n<div class=\"mk-custom-box jupiter-donut- hover-effect-image\"   id=\"box-11\">\n\t<div class=\"box-holder\">\n<div class=\"vc_icon_element vc_icon_element-outer detail_icon vc_icon_element-align-left\"><div class=\"vc_icon_element-inner vc_icon_element-color-custom vc_icon_element-size-lg vc_icon_element-style- vc_icon_element-background-color-grey\"><span class=\"vc_icon_element-icon fa fa-globe\"   style=\"color:#ef9937 !important\"><\/span><\/div><\/div>\n\t<div class=\"wpb_raw_code wpb_content_element wpb_raw_html vc_custom_1516715691547 no_bottom_margin\">\n\t\t<div class=\"wpb_wrapper\">\n\t\t\t<span class=\"detail_title\">Limba<\/span>\n<br>\n<span class=\"detail_info\">Rom\u00e2n\u0103<\/span>\n\t\t<\/div>\n\t<\/div>\n\n\t\t<div class=\"jupiter-donut-clearfix\"><\/div>\n\t<\/div>\n<\/div>\n\n<div class=\"mk-custom-box jupiter-donut- hover-effect-image\"   id=\"box-12\">\n\t<div class=\"box-holder\">\n<div class=\"vc_icon_element vc_icon_element-outer detail_icon vc_icon_element-align-left\"><div class=\"vc_icon_element-inner vc_icon_element-color-custom vc_icon_element-size-lg vc_icon_element-style- vc_icon_element-background-color-grey\"><span class=\"vc_icon_element-icon fa fa-graduation-cap\"   style=\"color:#ef9937 !important\"><\/span><\/div><\/div>\n\t<div class=\"wpb_raw_code wpb_content_element wpb_raw_html vc_custom_1516715859181 no_bottom_margin\">\n\t\t<div class=\"wpb_wrapper\">\n\t\t\t<span class=\"detail_title\">V\u00e2rsta minim\u0103<\/span>\n<br>\n<span class=\"detail_info\">18 ani<\/span>\n\t\t<\/div>\n\t<\/div>\n\n\t\t<div class=\"jupiter-donut-clearfix\"><\/div>\n\t<\/div>\n<\/div>\n<\/div><\/div><\/div>\t<\/div>\n\n\n<div class=\"wpb_row vc_inner vc_row vc_row-fluid jupiter-donut-   attched-false\">\n\t\t\t<div class=\"wpb_column vc_column_container vc_col-sm-12\"><div class=\"vc_column-inner\"><div class=\"wpb_wrapper\"><div class=\"vc_separator wpb_content_element vc_separator_align_center vc_sep_width_100 vc_sep_border_width_3 vc_sep_pos_align_center vc_separator_no_text\" ><span class=\"vc_sep_holder vc_sep_holder_l\"><span  style=\"border-color:#ef9937;\"   class=\"vc_sep_line\"><\/span><\/span><span class=\"vc_sep_holder vc_sep_holder_r\"><span  style=\"border-color:#ef9937;\"   class=\"vc_sep_line\"><\/span><\/span>\n<\/div><h4 style=\"color: #ffffff;text-align: left;font-family:Open Sans;font-weight:600;font-style:normal\"   class=\"vc_custom_heading\"  >Povestea<\/h4>\t<div class=\"vc_custom_1516713879949\">\n\n<div id=\"text-block-13\"   class=\"mk-text-block  jupiter-donut- justified\">\n\n\t\n\t<p style=\"text-align: justify;\">Data este 19 septembrie 1940, anii de glorie ai visului american, lumea plin\u0103 de intrigi a celor celor boga\u021bi \u0219i influen\u021bi. Cu dou\u0103 zile \u00een urm\u0103, faimoasa Victoria Royal, una dintre cele mai cunoscute figuri din Austin, Texas, \u00eemplinea \u00eencununata v\u00e2rst\u0103 de 70 de ani. \u00cempreun\u0103 cu alte persoane influente, apropia\u021bi ai familiei, dar \u0219i oameni de afaceri, ai participat la petrecerea aniversar\u0103 din conacul luxos al Victoriei. \u00cenainte de petrecere \u00eens\u0103, Victoria a f\u0103cut un anun\u021b \u0219ocant: \u00een lumina unor informa\u021bii aflate de ea, inten\u021bioneaz\u0103 s\u0103-\u0219i schimbe testamentul. Vestea i-a \u00eengrijorat pe to\u021bi cei prezen\u021bi, dovedind \u2013 dac\u0103 mai era nevoie \u2013 c\u0103 fiecare dintre ei are ceva de ascuns. Dar lucrurile nu s-au oprit aici\u2026 c\u00e2teva ore mai t\u00e2rziu, trupul Victoriei a fost g\u0103sit f\u0103r\u0103 suflare, \u00een buc\u0103t\u0103ria conacului.<\/p>\n<p style=\"text-align: justify;\">Au trecut deja dou\u0103 zile \u0219i poli\u021bia este \u00eenc\u0103 departe de g\u0103si criminalul. Tot ce este cunoscut p\u00e2n\u0103 \u00een acest moment este c\u0103 asasinul este unul dintre invita\u021bii la petrecere. Te afli din nou \u00een conacul victimei, de data aceasta pentru citirea testamentului, al\u0103turi de to\u021bi cei pe care i-ai v\u0103zut cu dou\u0103 zile \u00een urm\u0103.<\/p>\n<p style=\"text-align: justify;\">Cine ar fi putut-o asasina? \u00cen ce \u00eemprejur\u0103ri s-a petrecut crima? Ce ascund apropia\u021bii familiei? Intr\u0103 \u00een rol, ascult\u0103 preciz\u0103rile avocatului, informa\u021biile ofi\u021berului de poli\u021bie, afl\u0103 secretele celorlalte personaje, folose\u0219te-\u021bi logica \u0219i abilit\u0103\u021bile de detectiv \u0219i deslu\u0219e\u0219te misterul!<\/p>\n\n\t<div class=\"clearboth\"><\/div>\n<\/div>\n\n\t<\/div>\n<div class=\"vc_btn3-container  bold_button vc_btn3-center vc_custom_1516715015961\" ><a class=\"vc_general vc_btn3 vc_btn3-size-lg vc_btn3-shape-rounded vc_btn3-style-outline vc_btn3-icon-left vc_btn3-color-warning\"   href=\"http:\/\/www.murdermystery.ro\"   title=\"Detalii pe www.murdermystery.ro\"   target=\"_blank\"><i class=\"vc_btn3-icon fa fa-hand-pointer-o\"><\/i> Detalii pe www.murdermystery.ro<\/a><\/div><\/div><\/div><\/div>\t<\/div>\n<\/div>\n<\/div>\n            <div class=\"clearboth\"><\/div>\n        <\/div>\n\n\n\t\t\t\n\t\t\t\n\t\t\t\n\t\t<div class=\"clearboth\"><\/div>\n\t<\/div>\n<\/div>\n<div class=\"vc_row-full-width vc_clearfix\"><\/div>\n\n[:en]\n<div class=\"mk-page-section-wrapper\"   data-mk-full-width=\"true\"   data-mk-full-width-init=\"true\"   data-mk-stretch-content=\"true\">\n\t<div id=\"page-section-14\"   class=\"mk-page-section self-hosted   full_layout full-width-14 js-el js-master-row jupiter-donut-\"      data-intro-effect=\"false\">\n\n\t\t\t\n\t\t\t<div class=\"mk-page-section-inner\">\n\t\t\t\t\n\n\n<div class=\"mk-video-color-mask\"><\/div>\n\n\t\t\t\t\n\t\t\t\t\t\t\t<\/div>\n\n\t\t\t\n        <div class=\"page-section-content vc_row-fluid page-section-fullwidth fluid-width-equal-height-columns vertical-align-top\" >\n            <div class=\"mk-padding-wrapper wpb_row\">\n<div class=\"vc_col-sm-12 wpb_column column_container  jupiter-donut- _ jupiter-donut-height-full\">\n\t\n<div id=\"padding-16\"   class=\"mk-padding-divider jupiter-donut-hidden-sm  jupiter-donut-clearfix\"><\/div>\n\n<div class=\"wpb_layerslider_element wpb_content_element\"><script type=\"text\/javascript\">jQuery(function() { _initLayerSlider( '#layerslider_2_f6dodjntsgth', {sliderVersion: '6.6.4', pauseOnHover: 'enabled', skin: 'v6', globalBGColor: '#ffffff', useSrcset: true, skinsPath: 'https:\/\/www.thecodex.ro\/wp-content\/plugins\/LayerSlider\/assets\/static\/layerslider\/skins\/'}); });<\/script><div id=\"layerslider_2_f6dodjntsgth\"   class=\"ls-wp-container fitvidsignore\"   style=\"width:1280px;height:350px;margin:0 auto;margin-bottom: 0px;\"><div class=\"ls-slide\"   data-ls=\"kenburnsscale:1.2;parallaxtype:3d;parallaxrotate:20;\"><img width=\"1920\"   height=\"1080\"   src=\"https:\/\/www.thecodex.ro\/wp-content\/uploads\/2018\/01\/mrm_bg.jpg\"   class=\"ls-l ls-img-layer\"   alt=\"\"   srcset=\"https:\/\/www.thecodex.ro\/wp-content\/uploads\/2018\/01\/mrm_bg.jpg 1920w, https:\/\/www.thecodex.ro\/wp-content\/uploads\/2018\/01\/mrm_bg-300x169.jpg 300w, https:\/\/www.thecodex.ro\/wp-content\/uploads\/2018\/01\/mrm_bg-768x432.jpg 768w, https:\/\/www.thecodex.ro\/wp-content\/uploads\/2018\/01\/mrm_bg-1024x576.jpg 1024w\"   sizes=\"(max-width: 1920px) 100vw, 1920px\"   itemprop=\"image\"   style=\"top:-306.5px;left:-360px;text-align:initial;font-weight:400;font-style:normal;text-decoration:none;\"   data-ls=\"showinfo:1;parallax:true;parallaxlevel:-50;position:relative;\"><img width=\"788\"   height=\"624\"   src=\"https:\/\/www.thecodex.ro\/wp-content\/uploads\/2018\/01\/mr_text.png\"   class=\"ls-l ls-img-layer\"   alt=\"\"   srcset=\"https:\/\/www.thecodex.ro\/wp-content\/uploads\/2018\/01\/mr_text.png 788w, https:\/\/www.thecodex.ro\/wp-content\/uploads\/2018\/01\/mr_text-300x238.png 300w, https:\/\/www.thecodex.ro\/wp-content\/uploads\/2018\/01\/mr_text-768x608.png 768w\"   sizes=\"(max-width: 788px) 100vw, 788px\"   itemprop=\"image\"   style=\"top:40px;left:78px;text-align:initial;font-weight:400;font-style:normal;text-decoration:none;font-family:Lato;font-size:350px;color:#db003a;line-height:falsepx;width:304px;height:236px;\"   data-ls=\"showinfo:1;offsetxin:random(-100,100);durationin:3000;easingin:easeInOutCubic;rotatein:10;rotateyin:-10;transformoriginin:slidercenter slidermiddle 0;parallax:true;parallaxlevel:10;position:relative;\"><\/div><\/div><\/div><\/div>\n<\/div>\n            <div class=\"clearboth\"><\/div>\n        <\/div>\n\n\n\t\t\t\n\t\t\t\n\t\t\t\n\t\t<div class=\"clearboth\"><\/div>\n\t<\/div>\n<\/div>\n<div class=\"vc_row-full-width vc_clearfix\"><\/div>\n\n\n<div class=\"mk-page-section-wrapper\"   data-mk-full-width=\"true\"   data-mk-full-width-init=\"true\"   data-mk-stretch-content=\"true\">\n\t<div id=\"page-section-17\"   class=\"mk-page-section self-hosted   full_layout full-width-17 js-el js-master-row jupiter-donut-\"      data-intro-effect=\"false\">\n\n\t\t\t\n\t\t\t<div class=\"mk-page-section-inner\">\n\t\t\t\t\n\n\n<div class=\"mk-video-color-mask\"><\/div>\n\n\t\t\t\t\n\t\t\t\t\t\t\t<\/div>\n\n\t\t\t\n        <div class=\"page-section-content vc_row-fluid mk-grid fluid-width-equal-height-columns vertical-align-top\" >\n            <div class=\"mk-padding-wrapper wpb_row\">\n<div class=\"vc_col-sm-12 wpb_column column_container  jupiter-donut- _ jupiter-donut-height-full\">\n\t<h2 style=\"font-size: 32px;color: #ffffff;text-align: left;font-family:Open Sans;font-weight:700;font-style:normal\"   class=\"vc_custom_heading vc_custom_1516713939558\" >Murder Mystery Games<\/h2>\n\n<div class=\"wpb_row vc_inner vc_row vc_row-fluid jupiter-donut-   attched-false\">\n\t\t\t<div class=\"wpb_column vc_column_container vc_col-sm-12\"><div class=\"vc_column-inner\"><div class=\"wpb_wrapper\"><h4 style=\"color: #ffffff;text-align: left;font-family:Open Sans;font-weight:600;font-style:normal\"   class=\"vc_custom_heading\" >About Murder Corporation<\/h4>\n<div id=\"padding-19\"   class=\"mk-padding-divider jupiter-donut-  jupiter-donut-clearfix\"><\/div>\n\n\t<div class=\"vc_custom_1516792388434\">\n\n<div id=\"text-block-20\"   class=\"mk-text-block  jupiter-donut- justified\">\n\n\t\n\t<p class=\"vc_custom_heading\"   style=\"text-align: justify;\"><a href=\"http:\/\/www.murdermystery.ro\/\">Murder Corporation<\/a>\u00a0is a joint-venture between 3 of the most appreciated escape-room operators in Bucharest:\u00a0<a href=\"https:\/\/www.thecodex.ro\/en\/\">The Codex<\/a>,\u00a0<a href=\"http:\/\/www.lockedup.ro\/\">LOCKEDup<\/a>\u00a0and\u00a0<a href=\"http:\/\/www.gameoftrolls.ro\/\">TROLL Escape Rooms<\/a>. Together, we\u2019ve created the first and only live-action game in Romania that combines deduction, escape-room puzzles and interactive theater into an unforgettable entertainment experience.<\/p>\n<div class=\"vc_custom_1516320078383\"   style=\"text-align: justify;\">\n<div id=\"text-block-5\"   class=\"mk-text-block justified\">\n<p>Our games and scenarios are created by us from scratch, on a completely new game format, where escape-room mixes with the pleasure of a real murder-mystery game to create a unique and memorable experience.<\/p>\n<p><b>Unfortunately, our first game,\u00a0Murder at the Royal Mansion, is currently only available in Romanian. We\u2019re working on translating it into English, so keep in touch!<\/b><\/p>\n<\/div>\n<\/div>\n\n\t<div class=\"clearboth\"><\/div>\n<\/div>\n\n\t<\/div>\n<\/div><\/div><\/div>\t<\/div>\n<div class=\"vc_btn3-container  bold_button vc_btn3-center vc_custom_1516793387635\"  ><button class=\"vc_general vc_btn3 vc_btn3-size-lg vc_btn3-shape-rounded vc_btn3-style-outline vc_btn3-icon-left vc_btn3-color-warning\"><i class=\"vc_btn3-icon fa fa-hand-pointer-o\"><\/i> Switch to Romanian for details on story and availability<\/button><\/div><\/div>\n<\/div>\n            <div class=\"clearboth\"><\/div>\n        <\/div>\n\n\n\t\t\t\n\t\t\t\n\t\t\t\n\t\t<div class=\"clearboth\"><\/div>\n\t<\/div>\n<\/div>\n<div class=\"vc_row-full-width vc_clearfix\"><\/div>\n\n[:]","protected":false},"excerpt":{"rendered":"<p>[:ro][:en][:]<\/p>","protected":false},"author":1,"featured_media":0,"parent":0,"menu_order":0,"comment_status":"closed","ping_status":"closed","template":"","meta":[],"yoast_head":"<!-- This site is optimized with the Yoast SEO plugin v18.6 - https:\/\/yoast.com\/wordpress\/plugins\/seo\/ -->\n<title>Murder Mystery - The Codex<\/title>\n<meta name=\"robots\"  content=\"index, follow, max-snippet:-1, max-image-preview:large, max-video-preview:-1\" \/>\n<link rel=\"canonical\"  href=\"https:\/\/www.thecodex.ro\/en\/murder_mystery\/\" \/>\n<meta property=\"og:locale\"  content=\"en_GB\" \/>\n<meta property=\"og:type\"  content=\"article\" \/>\n<meta property=\"og:title\"  content=\"Murder Mystery - The Codex\" \/>\n<meta property=\"og:description\"  content=\"[:ro][:en][:]\" \/>\n<meta property=\"og:url\"  content=\"https:\/\/www.thecodex.ro\/en\/murder_mystery\/\" \/>\n<meta property=\"og:site_name\" content=\"The Codex\" \/>\n<meta property=\"article:publisher\"  content=\"https:\/\/www.facebook.com\/CodexMysteriumRomania\/\" \/>\n<meta property=\"article:modified_time\"  content=\"2018-01-24T11:29:51+00:00\" \/>\n<meta name=\"twitter:card\" content=\"summary\" \/>\n<meta name=\"twitter:label1\"  content=\"Estimated reading time\" \/>\n\t<meta name=\"twitter:data1\" content=\"7 minutes\" \/>\n<script type=\"application\/ld+json\" class=\"yoast-schema-graph\">{\"@context\":\"https:\/\/schema.org\",\"@graph\":[{\"@type\":\"WebSite\",\"@id\":\"https:\/\/www.thecodex.ro\/#website\",\"url\":\"https:\/\/www.thecodex.ro\/\",\"name\":\"The Codex\",\"description\":\"Escape and Challenge Rooms\",\"potentialAction\":[{\"@type\":\"SearchAction\",\"target\":{\"@type\":\"EntryPoint\",\"urlTemplate\":\"https:\/\/www.thecodex.ro\/?s={search_term_string}\"},\"query-input\":\"required name=search_term_string\"}],\"inLanguage\":\"en-GB\"},{\"@type\":\"WebPage\",\"@id\":\"https:\/\/www.thecodex.ro\/en\/murder_mystery\/#webpage\",\"url\":\"https:\/\/www.thecodex.ro\/en\/murder_mystery\/\",\"name\":\"Murder Mystery - The Codex\",\"isPartOf\":{\"@id\":\"https:\/\/www.thecodex.ro\/#website\"},\"datePublished\":\"2018-01-23T11:43:49+00:00\",\"dateModified\":\"2018-01-24T11:29:51+00:00\",\"breadcrumb\":{\"@id\":\"https:\/\/www.thecodex.ro\/en\/murder_mystery\/#breadcrumb\"},\"inLanguage\":\"en-GB\",\"potentialAction\":[{\"@type\":\"ReadAction\",\"target\":[\"https:\/\/www.thecodex.ro\/en\/murder_mystery\/\"]}]},{\"@type\":\"BreadcrumbList\",\"@id\":\"https:\/\/www.thecodex.ro\/en\/murder_mystery\/#breadcrumb\",\"itemListElement\":[{\"@type\":\"ListItem\",\"position\":1,\"name\":\"Home\",\"item\":\"https:\/\/www.thecodex.ro\/\"},{\"@type\":\"ListItem\",\"position\":2,\"name\":\"Murder Mystery\"}]}]}<\/script>\n<!-- \/ Yoast SEO plugin. -->","yoast_head_json":{"title":"Murder Mystery - The Codex","robots":{"index":"index","follow":"follow","max-snippet":"max-snippet:-1","max-image-preview":"max-image-preview:large","max-video-preview":"max-video-preview:-1"},"canonical":"https:\/\/www.thecodex.ro\/en\/murder_mystery\/","og_locale":"en_GB","og_type":"article","og_title":"Murder Mystery - The Codex","og_description":"[:ro][:en][:]","og_url":"https:\/\/www.thecodex.ro\/en\/murder_mystery\/","og_site_name":"The Codex","article_publisher":"https:\/\/www.facebook.com\/CodexMysteriumRomania\/","article_modified_time":"2018-01-24T11:29:51+00:00","twitter_card":"summary","twitter_misc":{"Estimated reading time":"7 minutes"},"schema":{"@context":"https:\/\/schema.org","@graph":[{"@type":"WebSite","@id":"https:\/\/www.thecodex.ro\/#website","url":"https:\/\/www.thecodex.ro\/","name":"The Codex","description":"Escape and Challenge Rooms","potentialAction":[{"@type":"SearchAction","target":{"@type":"EntryPoint","urlTemplate":"https:\/\/www.thecodex.ro\/?s={search_term_string}"},"query-input":"required name=search_term_string"}],"inLanguage":"en-GB"},{"@type":"WebPage","@id":"https:\/\/www.thecodex.ro\/en\/murder_mystery\/#webpage","url":"https:\/\/www.thecodex.ro\/en\/murder_mystery\/","name":"Murder Mystery - The Codex","isPartOf":{"@id":"https:\/\/www.thecodex.ro\/#website"},"datePublished":"2018-01-23T11:43:49+00:00","dateModified":"2018-01-24T11:29:51+00:00","breadcrumb":{"@id":"https:\/\/www.thecodex.ro\/en\/murder_mystery\/#breadcrumb"},"inLanguage":"en-GB","potentialAction":[{"@type":"ReadAction","target":["https:\/\/www.thecodex.ro\/en\/murder_mystery\/"]}]},{"@type":"BreadcrumbList","@id":"https:\/\/www.thecodex.ro\/en\/murder_mystery\/#breadcrumb","itemListElement":[{"@type":"ListItem","position":1,"name":"Home","item":"https:\/\/www.thecodex.ro\/"},{"@type":"ListItem","position":2,"name":"Murder Mystery"}]}]}},"_links":{"self":[{"href":"https:\/\/www.thecodex.ro\/en\/wp-json\/wp\/v2\/pages\/5519"}],"collection":[{"href":"https:\/\/www.thecodex.ro\/en\/wp-json\/wp\/v2\/pages"}],"about":[{"href":"https:\/\/www.thecodex.ro\/en\/wp-json\/wp\/v2\/types\/page"}],"author":[{"embeddable":true,"href":"https:\/\/www.thecodex.ro\/en\/wp-json\/wp\/v2\/users\/1"}],"replies":[{"embeddable":true,"href":"https:\/\/www.thecodex.ro\/en\/wp-json\/wp\/v2\/comments?post=5519"}],"version-history":[{"count":0,"href":"https:\/\/www.thecodex.ro\/en\/wp-json\/wp\/v2\/pages\/5519\/revisions"}],"wp:attachment":[{"href":"https:\/\/www.thecodex.ro\/en\/wp-json\/wp\/v2\/media?parent=5519"}],"curies":[{"name":"wp","href":"https:\/\/api.w.org\/{rel}","templated":true}]}}