{"id":55,"date":"2015-10-16T15:31:09","date_gmt":"2015-10-16T15:31:09","guid":{"rendered":"http:\/\/www.thecodex.ro\/?page_id=55"},"modified":"2025-10-24T22:15:47","modified_gmt":"2025-10-24T19:15:47","slug":"home","status":"publish","type":"page","link":"https:\/\/www.thecodex.ro\/en\/","title":{"rendered":"Home"},"content":{"rendered":"<div class=\"mk-page-section-wrapper\"   data-mk-full-width=\"true\"  data-mk-full-width-init=\"true\"  data-mk-stretch-content=\"true\">\n\t<div id=\"page-section-1\"   class=\"mk-page-section self-hosted   full_layout full-width-1 js-el js-master-row jupiter-donut-    center-y\"   data-mk-component=\"FullHeight\"  data-fullheight-config='{\"min\" : 100}'    data-intro-effect=\"false\">\n\n\t\t\t\n\t\t\t<div class=\"mk-page-section-inner\">\n\t\t\t\t\n\n\n<div style=\"background-color:#000000;opacity:0.5;\"  class=\"mk-video-color-mask\"><\/div>\n\n\t\t\t\t\n\t\t\t\t\n\t\t\t<div class=\"mk-section-preloader js-el\"   data-mk-component=\"Preloader\">\n\t\t\t<div class=\"mk-section-preloader__icon\"><\/div>\n\t\t<\/div>\n\t\n\t<div class=\"background-layer-holder\">\n\t\t<div id=\"background-layer--1\"   data-mk-lazyload=\"false\"   class=\"background-layer mk-background-stretch none-blend-effect js-el\"   data-mk-component=\"Parallax\"   data-parallax-config='{\"speed\"   : 0.3 }'    data-mk-img-set='{\"landscape\"  :{\"desktop\"  :\"https:\/\/www.thecodex.ro\/wp-content\/uploads\/2022\/04\/the-codex-escape-rooms.jpg\"  ,\"tablet\"  :\"https:\/\/www.thecodex.ro\/wp-content\/uploads\/2022\/04\/the-codex-escape-rooms-1024x576.jpg\"  ,\"mobile\"  :\"https:\/\/www.thecodex.ro\/wp-content\/uploads\/2022\/04\/the-codex-escape-rooms-736x414.jpg\"  },\"responsive\":\"true\"}' >\n\t\t\t\t\t\t\t\t\t<div class=\"mk-color-layer\"><\/div>\n\t\t<\/div>\n\t<\/div>\n\n\t\t\t<\/div>\n\n\t\t\t\n        <div class=\"page-section-content vc_row-fluid page-section-fullwidth\" >\n            <div class=\"mk-padding-wrapper wpb_row\">\n<div class=\"vc_col-sm-12 wpb_column column_container  jupiter-donut- _ jupiter-donut-height-full\">\n\t<div id=\"divider-3\"   class=\"mk-divider  jupiter-donut-   divider_one_third center double_dot\">\n\n\t\t\t<div class=\"divider-inner\"><\/div>\n\t\n<\/div>\n<div class=\"clearboth\"><\/div>\n\n<h1 id=\"fancy-title-4\"   class=\"mk-fancy-title  simple-style jupiter-donut-  color-single\">\n\t<span>\n\t\t\t\t<p>Spectacular Escape Experiences<\/p>\n\t\t\t<\/span>\n<\/h1>\n<div class=\"clearboth\"><\/div>\n\n\n\n<style>#fancy-title-4 {font-family: \"Playfair Display SC\"}<\/style><div id=\"divider-5\"   class=\"mk-divider  jupiter-donut-   divider_one_third center double_dot\">\n\n\t\t\t<div class=\"divider-inner\"><\/div>\n\t\n<\/div>\n<div class=\"clearboth\"><\/div>\n<\/div>\n<\/div>\n            <div class=\"clearboth\"><\/div>\n        <\/div>\n\n\n\t\t\t\n\t\t\t\n\t\t\t<div class=\"mk-shape-divider mk-shape-divider--stick folded-bottom-style big-size mk-shape-divider--stick-bottom\"  id=\"mk-shape-divider-6\">\n\t\t\t<div class=\"shape__container\">\n\t\t\t\t<div class=\"shape\">\n\t\t\t\t\n\t\t<svg width=\"100%\"  height=\"130px\">\n\t\t\t<defs>\n\t\t\t    <pattern id=\"shapeDividerPattern-6\"   preserveaspectratio=\"none\"   style=\"background-repeat: none;\"   patternunits=\"userSpaceOnUse\"   x=\"0\"   y=\"0\"   width=\"100%\"   height=\"1300px\"   viewbox=\"0 0 100 1300\">\n\t\t\t        <polygon fill=\"#000000\" points=\"0,0 0,130 50,130 \"><\/polygon><polygon fill=\"#000000\"   points=\"100,0 100,130 50,130 \"><\/polygon>\n\t\t\t    <\/pattern>\n\t\t\t<\/defs>\n\n\t\t\t<!-- Background -->\n\t\t\t<rect x=\"0\"   y=\"0\"   width=\"100%\"   height=\"130px\"   fill=\"url(#shapeDividerPattern-6)\"><\/rect>\n\t\t<\/svg>\n\t<\/div>\n\t\t\t<\/div>\n\t\t<\/div>\n\t\t<div class=\"clearboth\"><\/div>\n\t<\/div>\n<\/div>\n<div class=\"vc_row-full-width vc_clearfix\"><\/div>\n\n\n<div class=\"mk-page-section-wrapper\"   data-mk-full-width=\"true\"   data-mk-full-width-init=\"true\"   data-mk-stretch-content=\"true\">\n\t<div id=\"page-section-7\"   class=\"mk-page-section self-hosted   full_layout full-width-7 js-el js-master-row jupiter-donut-    center-y\"   data-mk-component=\"FullHeight\"   data-fullheight-config='{\"min\"  : 100}'     data-intro-effect=\"false\">\n\n\t\t\t\n\t\t\t<div class=\"mk-page-section-inner\">\n\t\t\t\t\n\n\n<div style=\"background-color:#0a0a0a;opacity:0.4;\"  class=\"mk-video-color-mask\"><\/div>\n\n\t\t\t\t\n\t\t\t\t\n\t\n\t<div class=\"background-layer-holder\">\n\t\t<div id=\"background-layer--7\"   data-mk-lazyload=\"false\"   class=\"background-layer mk-background-stretch none-blend-effect js-el\"      data-mk-img-set='{\"landscape\"  :{\"desktop\"  :\"https:\/\/www.thecodex.ro\/wp-content\/uploads\/2016\/03\/The-Codex-Escape_Rooms_About.jpg\"  ,\"tablet\"  :\"https:\/\/www.thecodex.ro\/wp-content\/uploads\/2016\/03\/The-Codex-Escape_Rooms_About-1024x768.jpg\"  ,\"mobile\"  :\"https:\/\/www.thecodex.ro\/wp-content\/uploads\/2016\/03\/The-Codex-Escape_Rooms_About-736x414.jpg\"},\"responsive\":\"true\"}' >\n\t\t\t\t\t\t\t\t\t<div class=\"mk-color-layer\"><\/div>\n\t\t<\/div>\n\t<\/div>\n\n\t\t\t<\/div>\n\n\t\t\t\n        <div class=\"page-section-content vc_row-fluid mk-grid\" >\n            <div class=\"mk-padding-wrapper wpb_row\">\n<div class=\"vc_col-sm-3 wpb_column column_container  jupiter-donut- _ jupiter-donut-height-full\">\n\t<\/div>\n\n<div class=\"vc_col-sm-6 wpb_column column_container  jupiter-donut- _ jupiter-donut-height-full\">\n\t\n<div id=\"padding-10\"   class=\"mk-padding-divider jupiter-donut-  jupiter-donut-clearfix\"><\/div>\n\n\t<div class=\"vc_custom_1650571326525\">\n\n<div id=\"text-block-11\"   class=\"mk-text-block  mk-animate-element fade-in  jupiter-donut-\">\n\n\t\n\t<p style=\"text-align: center;\">The Codex's mission has always been the same: to help you escape. No, not just from our games, but especially from real life.<br \/>\nFor an hour (or maybe even more), we want to take you to another world. A different world, full of mystery and charm, in which normal laws do not apply\u2026 A world where everything happens differently, where magic comes to life around you and nothing seems impossible.<\/p>\n\n\t<div class=\"clearboth\"><\/div>\n<\/div>\n\n\t<\/div>\n<div id=\"divider-12\"   class=\"mk-divider  jupiter-donut-   divider_one_fourth center double_dot\">\n\n\t\t\t<div class=\"divider-inner\"><\/div>\n\t\n<\/div>\n<div class=\"clearboth\"><\/div>\n\t<div class=\"vc_custom_1650571310833\">\n\n<div id=\"text-block-13\"   class=\"mk-text-block  mk-animate-element fade-in  jupiter-donut-\">\n\n\t\n\t<p style=\"text-align: center;\">In order to better fulfill this mission, we decided to move to a new venue.<br \/>\nA space in which we will dedicate over 600 square meters to the construction of another universe. Unique, unique, full of brilliance, suspense, adrenaline and especially magic. A universe from which you may no longer want to escape\u2026<\/p>\n\n\t<div class=\"clearboth\"><\/div>\n<\/div>\n\n\t<\/div>\n<div id=\"divider-14\"   class=\"mk-divider  jupiter-donut-   divider_one_fourth center double_dot\">\n\n\t\t\t<div class=\"divider-inner\"><\/div>\n\t\n<\/div>\n<div class=\"clearboth\"><\/div>\n\t<div class=\"vc_custom_1761333351688\">\n\n<div id=\"text-block-15\"   class=\"mk-text-block  mk-animate-element fade-in  jupiter-donut-\">\n\n\t\n\t<p style=\"text-align: center;\">At the moment, the new venue offers only experiences dedicated to large groups of at least 7-8 people (these are created especially for events, anniversaries, parties and team buildings). For such reservations, please contact us by email or phone.<br \/>\nIn the meantime, we invite you to try the adventures we have prepared in our location at <a href=\"https:\/\/gameoftrolls.ro\">Troll Escape Rooms<\/a>. Travel through time in the late 1800s in Steampunk Chronicles, or help accomplish an incredible wish in A Stolen Miracle (The Codex's newest experience, rated with the highest score by <a href=\"https:\/\/escapecentral.ro\/?page_id=6764\">Escape Central<\/a>).<\/p>\n\n\t<div class=\"clearboth\"><\/div>\n<\/div>\n\n\t<\/div>\n<\/div>\n\n<div class=\"vc_col-sm-3 wpb_column column_container  jupiter-donut- _ jupiter-donut-height-full\">\n\t<\/div>\n\n<div class=\"vc_col-sm-12 wpb_column column_container  jupiter-donut- _ jupiter-donut-height-full\">\n\t<\/div>\n<\/div>\n            <div class=\"clearboth\"><\/div>\n        <\/div>\n\n\n\t\t\t\n\t\t\t\n\t\t\t\n\t\t<div class=\"clearboth\"><\/div>\n\t<\/div>\n<\/div>\n<div class=\"vc_row-full-width vc_clearfix\"><\/div>","protected":false},"excerpt":{"rendered":"Spectacular Escape Experiences Misiunea The Codex a fost dintotdeauna aceea\u0219i: s\u0103 te ajut\u0103m s\u0103 evadezi. Nu, nu numai din jocurile noastre, ci mai ales din via\u021ba real\u0103. Pre\u021b de o or\u0103 (sau poate chiar mai mult), ne dorim s\u0103 te transpunem \u00eentr-o alt\u0103 lume. O lume diferit\u0103, plin\u0103 de mister \u0219i farmec, \u00een care legile [...]","protected":false},"author":1,"featured_media":0,"parent":0,"menu_order":0,"comment_status":"closed","ping_status":"closed","template":"","meta":[],"yoast_head":"<!-- This site is optimized with the Yoast SEO plugin v18.6 - https:\/\/yoast.com\/wordpress\/plugins\/seo\/ -->\n<title>The Codex - Escape Rooms &amp; Challenge Rooms<\/title>\n<meta name=\"description\"  content=\"Ia-ti prietenii si evadeaza din cele mai bune Escape Rooms din Bucuresti! Top Escape Rooms, Escape Rooms Team Building, Petreceri Escape Rooms.\" \/>\n<meta name=\"robots\"  content=\"index, follow, max-snippet:-1, max-image-preview:large, max-video-preview:-1\" \/>\n<link rel=\"canonical\"  href=\"https:\/\/www.thecodex.ro\/en\/\" \/>\n<meta property=\"og:locale\"  content=\"en_GB\" \/>\n<meta property=\"og:type\"  content=\"article\" \/>\n<meta property=\"og:title\"  content=\"The Codex - Escape Rooms &amp; Challenge Rooms\" \/>\n<meta property=\"og:description\"  content=\"Ia-ti prietenii si evadeaza din cele mai bune Escape Rooms din Bucuresti! Top Escape Rooms, Escape Rooms Team Building, Petreceri Escape Rooms.\" \/>\n<meta property=\"og:url\"  content=\"https:\/\/www.thecodex.ro\/en\/\" \/>\n<meta property=\"og:site_name\" content=\"The Codex\" \/>\n<meta property=\"article:publisher\"  content=\"https:\/\/www.facebook.com\/CodexMysteriumRomania\/\" \/>\n<meta property=\"article:modified_time\"  content=\"2025-10-24T19:15:47+00:00\" \/>\n<meta name=\"twitter:card\" content=\"summary\" \/>\n<meta name=\"twitter:label1\"  content=\"Estimated reading time\" \/>\n\t<meta name=\"twitter:data1\" content=\"1 minute\" \/>\n<script type=\"application\/ld+json\" class=\"yoast-schema-graph\">{\"@context\":\"https:\/\/schema.org\",\"@graph\":[{\"@type\":\"WebSite\",\"@id\":\"https:\/\/www.thecodex.ro\/#website\",\"url\":\"https:\/\/www.thecodex.ro\/\",\"name\":\"The Codex\",\"description\":\"Escape and Challenge Rooms\",\"potentialAction\":[{\"@type\":\"SearchAction\",\"target\":{\"@type\":\"EntryPoint\",\"urlTemplate\":\"https:\/\/www.thecodex.ro\/?s={search_term_string}\"},\"query-input\":\"required name=search_term_string\"}],\"inLanguage\":\"en-GB\"},{\"@type\":\"WebPage\",\"@id\":\"https:\/\/www.thecodex.ro\/#webpage\",\"url\":\"https:\/\/www.thecodex.ro\/\",\"name\":\"The Codex - Escape Rooms & Challenge Rooms\",\"isPartOf\":{\"@id\":\"https:\/\/www.thecodex.ro\/#website\"},\"datePublished\":\"2015-10-16T15:31:09+00:00\",\"dateModified\":\"2025-10-24T19:15:47+00:00\",\"description\":\"Ia-ti prietenii si evadeaza din cele mai bune Escape Rooms din Bucuresti! Top Escape Rooms, Escape Rooms Team Building, Petreceri Escape Rooms.\",\"breadcrumb\":{\"@id\":\"https:\/\/www.thecodex.ro\/#breadcrumb\"},\"inLanguage\":\"en-GB\",\"potentialAction\":[{\"@type\":\"ReadAction\",\"target\":[\"https:\/\/www.thecodex.ro\/\"]}]},{\"@type\":\"BreadcrumbList\",\"@id\":\"https:\/\/www.thecodex.ro\/#breadcrumb\",\"itemListElement\":[{\"@type\":\"ListItem\",\"position\":1,\"name\":\"Home\",\"item\":\"https:\/\/www.thecodex.ro\/\"},{\"@type\":\"ListItem\",\"position\":2,\"name\":\"Home\"}]}]}<\/script>\n<!-- \/ Yoast SEO plugin. -->","yoast_head_json":{"title":"The Codex - Escape Rooms & Challenge Rooms","description":"Ia-ti prietenii si evadeaza din cele mai bune Escape Rooms din Bucuresti! Top Escape Rooms, Escape Rooms Team Building, Petreceri Escape Rooms.","robots":{"index":"index","follow":"follow","max-snippet":"max-snippet:-1","max-image-preview":"max-image-preview:large","max-video-preview":"max-video-preview:-1"},"canonical":"https:\/\/www.thecodex.ro\/en\/","og_locale":"en_GB","og_type":"article","og_title":"The Codex - Escape Rooms & Challenge Rooms","og_description":"Ia-ti prietenii si evadeaza din cele mai bune Escape Rooms din Bucuresti! Top Escape Rooms, Escape Rooms Team Building, Petreceri Escape Rooms.","og_url":"https:\/\/www.thecodex.ro\/en\/","og_site_name":"The Codex","article_publisher":"https:\/\/www.facebook.com\/CodexMysteriumRomania\/","article_modified_time":"2025-10-24T19:15:47+00:00","twitter_card":"summary","twitter_misc":{"Estimated reading time":"1 minute"},"schema":{"@context":"https:\/\/schema.org","@graph":[{"@type":"WebSite","@id":"https:\/\/www.thecodex.ro\/#website","url":"https:\/\/www.thecodex.ro\/","name":"The Codex","description":"Escape and Challenge Rooms","potentialAction":[{"@type":"SearchAction","target":{"@type":"EntryPoint","urlTemplate":"https:\/\/www.thecodex.ro\/?s={search_term_string}"},"query-input":"required name=search_term_string"}],"inLanguage":"en-GB"},{"@type":"WebPage","@id":"https:\/\/www.thecodex.ro\/#webpage","url":"https:\/\/www.thecodex.ro\/","name":"The Codex - Escape Rooms & Challenge Rooms","isPartOf":{"@id":"https:\/\/www.thecodex.ro\/#website"},"datePublished":"2015-10-16T15:31:09+00:00","dateModified":"2025-10-24T19:15:47+00:00","description":"Ia-ti prietenii si evadeaza din cele mai bune Escape Rooms din Bucuresti! Top Escape Rooms, Escape Rooms Team Building, Petreceri Escape Rooms.","breadcrumb":{"@id":"https:\/\/www.thecodex.ro\/#breadcrumb"},"inLanguage":"en-GB","potentialAction":[{"@type":"ReadAction","target":["https:\/\/www.thecodex.ro\/"]}]},{"@type":"BreadcrumbList","@id":"https:\/\/www.thecodex.ro\/#breadcrumb","itemListElement":[{"@type":"ListItem","position":1,"name":"Home","item":"https:\/\/www.thecodex.ro\/"},{"@type":"ListItem","position":2,"name":"Home"}]}]}},"_links":{"self":[{"href":"https:\/\/www.thecodex.ro\/en\/wp-json\/wp\/v2\/pages\/55"}],"collection":[{"href":"https:\/\/www.thecodex.ro\/en\/wp-json\/wp\/v2\/pages"}],"about":[{"href":"https:\/\/www.thecodex.ro\/en\/wp-json\/wp\/v2\/types\/page"}],"author":[{"embeddable":true,"href":"https:\/\/www.thecodex.ro\/en\/wp-json\/wp\/v2\/users\/1"}],"replies":[{"embeddable":true,"href":"https:\/\/www.thecodex.ro\/en\/wp-json\/wp\/v2\/comments?post=55"}],"version-history":[{"count":73,"href":"https:\/\/www.thecodex.ro\/en\/wp-json\/wp\/v2\/pages\/55\/revisions"}],"predecessor-version":[{"id":9623,"href":"https:\/\/www.thecodex.ro\/en\/wp-json\/wp\/v2\/pages\/55\/revisions\/9623"}],"wp:attachment":[{"href":"https:\/\/www.thecodex.ro\/en\/wp-json\/wp\/v2\/media?parent=55"}],"curies":[{"name":"wp","href":"https:\/\/api.w.org\/{rel}","templated":true}]}}