{"id":358,"date":"2015-10-22T08:47:32","date_gmt":"2015-10-22T08:47:32","guid":{"rendered":"http:\/\/www.thecodex.ro\/?page_id=358"},"modified":"2016-03-02T20:19:39","modified_gmt":"2016-03-02T18:19:39","slug":"termeni","status":"publish","type":"page","link":"https:\/\/www.thecodex.ro\/en\/termeni\/","title":{"rendered":"Termeni"},"content":{"rendered":"<div  data-mk-stretch-content=\"true\"   class=\"wpb_row vc_row vc_row-fluid jupiter-donut- mk-fullwidth-false  attched-false     js-master-row  mk-grid\">\n\t\t\t\t\n<div class=\"vc_col-sm-12 wpb_column column_container  jupiter-donut- _ jupiter-donut-height-full\">\n\t<h2 style=\"text-align: center;font-family:Abril Fatface;font-weight:400;font-style:normal\"  class=\"vc_custom_heading\" >Termeni si Conditii<\/h2>\n<div id=\"text-block-2\"   class=\"mk-text-block  jupiter-donut-\">\n\n\t\n\t<p style=\"text-align: justify;\">Prin con\u0163inutul s\u0103u, prezentul document pune la dispozi\u0163ia clien\u0163ilor s\u0103i termenii \u015fi condi\u0163iile de participare la jocurile Codex Mysterium. Pentru a putea participa la jocurile Codex Mysterium este necesar acceptul explicit si nerevocat al prezentelor termene si conditii. \u00cen cazul \u00een care clientul refuz\u0103 s\u0103 \u00ee\u015fi dea acceptul sau revoc\u0103 acceptul dat, nu va putea participa la jocurile Codex Mysterium.<\/p>\n<ul style=\"text-align: justify;\">\n<li>Jocurile Codex Mysterium sunt accesibile tuturor persoanelor cu v\u00e2rsta peste 16 ani (\u015fi inclusiv), vorbitoare de limba rom\u00e2n\u0103 \u015fi\/sau englez\u0103. Persoanele cu v\u00e2rste \u00eentre 16 \u015fi 18 ani trebuie \u00eenso\u0163ite de un adult sau trebuie s\u0103 prezinte, \u00een scris, consim\u0163\u0103m\u00e2ntul parintelui\/ tutorelui legal \u00een vederea particip\u0103rii la joc.<\/li>\n<\/ul>\n<ul style=\"text-align: justify;\">\n<li>Jocurile nu necesit\u0103 abilit\u0103\u0163i sau cunostinte speciale \u015fi nici utilizarea for\u0163ei, a unor cascadorii sau a oric\u0103ror alte metode violente. Solutiile pentru rezolvarea provoc\u0103rilor nu implic\u0103 alterarea mobilierului, a instala\u0163iilor sau a obiectelor de d\u00e9cor.<\/li>\n<\/ul>\n<ul style=\"text-align: justify;\">\n<li>Scenariile corespunz\u0103toare jocurilor Codex Mysterium au fost realizate cu respectarea tuturor m\u0103surilor de precau\u0163ie necesare pentru participant \u015fi nu con\u0163in elemente sau obiecte d\u0103un\u0103toare sau periculoase. Participan\u0163ii \u00ee\u015fi asum\u0103 \u00een \u00eentregime responsabilitatea pentru orice ac\u0163iune voluntar\u0103 sau involuntar\u0103 provocatoare de suferin\u0163e fizice sau psihice.<\/li>\n<\/ul>\n<ul style=\"text-align: justify;\">\n<li>Daunele sau deterior\u0103rile produse obiectelor din camer\u0103 sau camerei \u00een sine pe timpul jocului sunt responsabilitatea total\u0103 a participan\u0163ilor la joc \u015fi vor fi reparate sau \u00eenlocuite de c\u0103tre ace\u015ftia pe cheltuiala proprie a participan\u0163ilor.<\/li>\n<\/ul>\n<ul style=\"text-align: justify;\">\n<li>Nu este permis\u0103 dezlipirea benzilor autocolante \u015fi a \u00eensemnelor. Acestea con\u0163in mesaje precum \u201cDo not touch\/Nu atinge\u0163i\u201d si sunt plasate \u00een camera pentru protec\u0163ia dumneavoastr\u0103.<\/li>\n<\/ul>\n<ul style=\"text-align: justify;\">\n<li>Bunurile personale pe care participan\u0163ii la joc le au asupra lor (telefoane mobile, chei, gen\u0163i, ghiozdane, c\u0103r\u0163i, instrumente de scris, laptop-uri, aparate de \u00eenregistrare audio sau video, alimente sau b\u0103uturi) vor fi l\u0103sate \u00een afara camerei, \u00een dulapurile \u00eencuiate puse la dispozi\u0163ie de c\u0103tre Organizatori.<\/li>\n<\/ul>\n<ul style=\"text-align: justify;\">\n<li>Este recomandat s\u0103 ajunge\u0163i cu cel putin 15 minute \u00eenainte de ora rezerv\u0103rii, pentru a participa la instructajul privind modul de desf\u0103\u015furare a jocului, instructajul privind securitatea \u015fi s\u0103n\u0103tatea dumneavoastr\u0103, precum \u015fi instructajul privind prevenirea unor incendii \u015fi accidente.<\/li>\n<\/ul>\n<ul style=\"text-align: justify;\">\n<li>Cei care \u00eent\u00e2rzie vor fi instrui\u0163i \u00een timpul orar rezervat pentru jocul \u00een sine. Nu este permis accesul \u00een camerele de joc \u00een lipsa instructajului. Jocul \u00eenceteaz\u0103 \u00een maxim 60 de minute (pentru Escape Rooms) sau 100 de minute (pentru Challenge Rooms) de la intrarea \u00een camer\u0103, indiferent daca a fost gasit\u0103 sau nu solu\u0163ia.<\/li>\n<\/ul>\n<ul style=\"text-align: justify;\">\n<li>La joc pot participa echipe de 2 p\u00e2n\u0103 la 5 membri (pentru Escape Rooms). Pentru Challenge Rooms este nevoie de dou\u0103 echipe de 2 p\u00e2n\u0103 la 5 membri.<\/li>\n<\/ul>\n<ul style=\"text-align: justify;\">\n<li>Nu este permis accesul la joc sub influen\u021ba b\u0103uturilor alcoolice sau a stupefiantelor. \u00cen astfel de cazuri, organizatorii \u00ee\u0219i rezerv\u0103 dreptul de a anula sau \u00eentrerupe imediat jocul f\u0103r\u0103 rambursarea contravalorii acestuia. De asemenea nu este permis accesul cu b\u0103uturi alcoolice sau stupefiante \u00een incinta The Codex.<\/li>\n<\/ul>\n<ul style=\"text-align: justify;\">\n<li>Participan\u021bii \u00een\u021beleg \u0219i accept\u0103 faptul c\u0103 derularea jocului este urmarit\u0103 live de c\u0103tre organizatori cu ajutorul camerelor de supraveghere. Supravegherea video \u015fi audio a participan\u0163ilor este necesar\u0103 \u015fi utilizat\u0103 exclusiv pentru buna derulare a jocului \u015fi pentru interven\u0163ia rapid\u0103 \u00een situa\u0163ii excep\u0163ionale.<\/li>\n<\/ul>\n<ul style=\"text-align: justify;\">\n<li>Persoanele cu o stare de s\u0103n\u0103tate ce ar putea fi afectat\u0103 negativ de petrecerea unui timp de p\u00e2n\u0103 la 60 de minute- respective p\u00e2n\u0103 la 100 de minute \u00eentr-un spa\u0163iu \u00eenchis sunt sf\u0103tuite s\u0103 nu participe la joc. Organizatorii nu \u00ee\u0219i asum\u0103 raspunderea pentru participarea la joc a persoanelor respective.<\/li>\n<\/ul>\n<ul style=\"text-align: justify;\">\n<li>\u00cenregistrarea video sau fotografierea camerelor, a jocului sau a obiectelor din camer\u0103 este strict interzis\u0103. \u00cen caz de nerespectare a acestor reguli, jocul va fi \u00eentrerupt imediat de c\u0103tre organizatori f\u0103r\u0103 rambursarea contravalorii acestuia \u015fi se vor \u00eencepe demersurile legale pentru protejarea propriet\u0103\u0163ii intelectuale.<\/li>\n<\/ul>\n<ul style=\"text-align: justify;\">\n<li>Rezerv\u0103rile se pot face at\u00e2t telefonic c\u00e2t \u0219i online. \u00cen ambele cazuri, rezervarea se va confirma printr-un e-mail care con\u021bine informa\u021biile legate de aceasta. \u00cen cazul \u00een care nu a\u021bi primit e-mail de confirmare, v\u0103 rug\u0103m s\u0103 ne contacta\u021bi telefonic la 0770 863 122\/ 0745045054 sau prin e-mail la office@thecodx.ro. Pentru anularea sau modificarea rezerv\u0103rii, participan\u021bii trebuie s\u0103 contacteze echipa telefonic sau prin e-mail cu cel putin 3 ore \u00eenainte de rezervare.<\/li>\n<\/ul>\n<ul style=\"text-align: justify;\">\n<li>Participan\u0163ii la joc declar\u0103 pe propria r\u0103spundere c\u0103 au \u00een\u0163eles, sunt de acord \u015fi \u00ee\u015fi asum\u0103 toate informa\u0163iile \u015fi regulile din prezentul document. Declar\u0103 de asemenea c\u0103 nu vor \u00eentreprinde nicio ac\u0163iune care s\u0103 provoace lor \u00een\u015fi\u015fi sau celorla\u0163i suferin\u0163e fiyice sau psihice.<\/li>\n<\/ul>\n<ul style=\"text-align: justify;\">\n<li>Utilizarea, copierea, distribuirea sau publicarea unor opere creative asem\u0103na\u0103toare cu jocurile Codex Mysterium sunt strict interzise. CODEX MYSTERIUM S.R.L. \u00ee\u015fi rezerv\u0103 dreptul de a \u00eentreprinde ac\u0163iuni legale \u00eempotriva celor care \u00eencalc\u0103 aceste drepturi.<\/li>\n<\/ul>\n<p style=\"text-align: justify;\">\u00cen caz de nerespectare a prezentelor termene si conditii, ori a regulilor de conduit\u0103 explicate \u00een cadrul instructajului, organizatorii \u00ee\u0219i rezerv\u0103 dreptul ca \u00een func\u0163ie de situatie, s\u0103 nu permit\u0103 accesul \u00een camere, s\u0103 \u00eentrerupa jocul f\u0103r\u0103 rambursarea contravalorii acestuia, ori s\u0103 \u00eenceap\u0103 demersurile legale necesare.<\/p>\n<p style=\"text-align: justify;\">Pe l\u00e2ng\u0103 rambursarea \u015fi\/sau \u00eenlocuirea obiectelor, deteriorarea obiectelor din camer\u0103 sau a camerei \u00een sine atrage plata contravalorii jocurilor rezervate \u00een ziua respectiv\u0103 pentru camera aflat\u0103 \u00een chestiune, jocuri ce nu se vor putea desf\u0103\u015fura din acest motiv.<\/p>\n\n\t<div class=\"clearboth\"><\/div>\n<\/div>\n\n<\/div>\n\t<\/div>\n\n<div  data-mk-stretch-content=\"true\"   class=\"wpb_row vc_row vc_row-fluid jupiter-donut- mk-fullwidth-false  attched-false     js-master-row  mk-grid\">\n\t\t\t\t\n<div class=\"vc_col-sm-12 wpb_column column_container  jupiter-donut- _ jupiter-donut-height-full\">\n\t<\/div>\n\t<\/div>","protected":false},"excerpt":{"rendered":"Termeni si Conditii Prin con\u0163inutul s\u0103u, prezentul document pune la dispozi\u0163ia clien\u0163ilor s\u0103i termenii \u015fi condi\u0163iile de participare la jocurile Codex Mysterium. Pentru a putea participa la jocurile Codex Mysterium este necesar acceptul explicit si nerevocat al prezentelor termene si conditii. \u00cen cazul \u00een care clientul refuz\u0103 s\u0103 \u00ee\u015fi dea acceptul sau revoc\u0103 acceptul dat, [...]","protected":false},"author":1,"featured_media":0,"parent":0,"menu_order":0,"comment_status":"closed","ping_status":"closed","template":"","meta":[],"yoast_head":"<!-- This site is optimized with the Yoast SEO plugin v18.6 - https:\/\/yoast.com\/wordpress\/plugins\/seo\/ -->\n<title>Termeni - The Codex<\/title>\n<meta name=\"robots\"  content=\"index, follow, max-snippet:-1, max-image-preview:large, max-video-preview:-1\" \/>\n<link rel=\"canonical\"  href=\"https:\/\/www.thecodex.ro\/en\/termeni\/\" \/>\n<meta property=\"og:locale\"  content=\"en_GB\" \/>\n<meta property=\"og:type\"  content=\"article\" \/>\n<meta property=\"og:title\"  content=\"Termeni - The Codex\" \/>\n<meta property=\"og:url\"  content=\"https:\/\/www.thecodex.ro\/en\/termeni\/\" \/>\n<meta property=\"og:site_name\"  content=\"The Codex\" \/>\n<meta property=\"article:publisher\"  content=\"https:\/\/www.facebook.com\/CodexMysteriumRomania\/\" \/>\n<meta property=\"article:modified_time\"  content=\"2016-03-02T18:19:39+00:00\" \/>\n<meta name=\"twitter:card\" content=\"summary\" \/>\n<meta name=\"twitter:label1\"  content=\"Estimated reading time\" \/>\n\t<meta name=\"twitter:data1\" content=\"5 minutes\" \/>\n<script type=\"application\/ld+json\" class=\"yoast-schema-graph\">{\"@context\":\"https:\/\/schema.org\",\"@graph\":[{\"@type\":\"WebSite\",\"@id\":\"https:\/\/www.thecodex.ro\/#website\",\"url\":\"https:\/\/www.thecodex.ro\/\",\"name\":\"The Codex\",\"description\":\"Escape and Challenge Rooms\",\"potentialAction\":[{\"@type\":\"SearchAction\",\"target\":{\"@type\":\"EntryPoint\",\"urlTemplate\":\"https:\/\/www.thecodex.ro\/?s={search_term_string}\"},\"query-input\":\"required name=search_term_string\"}],\"inLanguage\":\"en-GB\"},{\"@type\":\"WebPage\",\"@id\":\"https:\/\/www.thecodex.ro\/termeni\/#webpage\",\"url\":\"https:\/\/www.thecodex.ro\/termeni\/\",\"name\":\"Termeni - The Codex\",\"isPartOf\":{\"@id\":\"https:\/\/www.thecodex.ro\/#website\"},\"datePublished\":\"2015-10-22T08:47:32+00:00\",\"dateModified\":\"2016-03-02T18:19:39+00:00\",\"breadcrumb\":{\"@id\":\"https:\/\/www.thecodex.ro\/termeni\/#breadcrumb\"},\"inLanguage\":\"en-GB\",\"potentialAction\":[{\"@type\":\"ReadAction\",\"target\":[\"https:\/\/www.thecodex.ro\/termeni\/\"]}]},{\"@type\":\"BreadcrumbList\",\"@id\":\"https:\/\/www.thecodex.ro\/termeni\/#breadcrumb\",\"itemListElement\":[{\"@type\":\"ListItem\",\"position\":1,\"name\":\"Home\",\"item\":\"https:\/\/www.thecodex.ro\/\"},{\"@type\":\"ListItem\",\"position\":2,\"name\":\"Termeni\"}]}]}<\/script>\n<!-- \/ Yoast SEO plugin. -->","yoast_head_json":{"title":"Termeni - The Codex","robots":{"index":"index","follow":"follow","max-snippet":"max-snippet:-1","max-image-preview":"max-image-preview:large","max-video-preview":"max-video-preview:-1"},"canonical":"https:\/\/www.thecodex.ro\/en\/termeni\/","og_locale":"en_GB","og_type":"article","og_title":"Termeni - The Codex","og_url":"https:\/\/www.thecodex.ro\/en\/termeni\/","og_site_name":"The Codex","article_publisher":"https:\/\/www.facebook.com\/CodexMysteriumRomania\/","article_modified_time":"2016-03-02T18:19:39+00:00","twitter_card":"summary","twitter_misc":{"Estimated reading time":"5 minutes"},"schema":{"@context":"https:\/\/schema.org","@graph":[{"@type":"WebSite","@id":"https:\/\/www.thecodex.ro\/#website","url":"https:\/\/www.thecodex.ro\/","name":"The Codex","description":"Escape and Challenge Rooms","potentialAction":[{"@type":"SearchAction","target":{"@type":"EntryPoint","urlTemplate":"https:\/\/www.thecodex.ro\/?s={search_term_string}"},"query-input":"required name=search_term_string"}],"inLanguage":"en-GB"},{"@type":"WebPage","@id":"https:\/\/www.thecodex.ro\/termeni\/#webpage","url":"https:\/\/www.thecodex.ro\/termeni\/","name":"Termeni - The Codex","isPartOf":{"@id":"https:\/\/www.thecodex.ro\/#website"},"datePublished":"2015-10-22T08:47:32+00:00","dateModified":"2016-03-02T18:19:39+00:00","breadcrumb":{"@id":"https:\/\/www.thecodex.ro\/termeni\/#breadcrumb"},"inLanguage":"en-GB","potentialAction":[{"@type":"ReadAction","target":["https:\/\/www.thecodex.ro\/termeni\/"]}]},{"@type":"BreadcrumbList","@id":"https:\/\/www.thecodex.ro\/termeni\/#breadcrumb","itemListElement":[{"@type":"ListItem","position":1,"name":"Home","item":"https:\/\/www.thecodex.ro\/"},{"@type":"ListItem","position":2,"name":"Termeni"}]}]}},"_links":{"self":[{"href":"https:\/\/www.thecodex.ro\/en\/wp-json\/wp\/v2\/pages\/358"}],"collection":[{"href":"https:\/\/www.thecodex.ro\/en\/wp-json\/wp\/v2\/pages"}],"about":[{"href":"https:\/\/www.thecodex.ro\/en\/wp-json\/wp\/v2\/types\/page"}],"author":[{"embeddable":true,"href":"https:\/\/www.thecodex.ro\/en\/wp-json\/wp\/v2\/users\/1"}],"replies":[{"embeddable":true,"href":"https:\/\/www.thecodex.ro\/en\/wp-json\/wp\/v2\/comments?post=358"}],"version-history":[{"count":0,"href":"https:\/\/www.thecodex.ro\/en\/wp-json\/wp\/v2\/pages\/358\/revisions"}],"wp:attachment":[{"href":"https:\/\/www.thecodex.ro\/en\/wp-json\/wp\/v2\/media?parent=358"}],"curies":[{"name":"wp","href":"https:\/\/api.w.org\/{rel}","templated":true}]}}